{"id":15590,"date":"2022-08-27T19:16:15","date_gmt":"2022-08-27T19:16:15","guid":{"rendered":"https:\/\/goody-woody.com\/pflegetipps-fuer-servierwagen\/"},"modified":"2024-11-17T14:43:19","modified_gmt":"2024-11-17T14:43:19","slug":"pflegetipps-fuer-servierwagen","status":"publish","type":"page","link":"https:\/\/goody-woody.com\/de\/pflegetipps-fuer-servierwagen\/","title":{"rendered":"Pflegetipps f\u00fcr Servierwagen"},"content":{"rendered":"\t\t<div data-elementor-type=\"wp-page\" data-elementor-id=\"15590\" class=\"elementor elementor-15590 elementor-9744\" data-elementor-post-type=\"page\">\n\t\t\t\t\t\t<section class=\"elementor-section elementor-top-section elementor-element elementor-element-54d8aba elementor-section-boxed elementor-section-height-default elementor-section-height-default wd-section-disabled\" data-id=\"54d8aba\" data-element_type=\"section\" data-e-type=\"section\">\n\t\t\t\t\t\t<div class=\"elementor-container elementor-column-gap-default\">\n\t\t\t\t\t<div class=\"elementor-column elementor-col-100 elementor-top-column elementor-element elementor-element-0f87d6c\" data-id=\"0f87d6c\" data-element_type=\"column\" data-e-type=\"column\">\n\t\t\t<div class=\"elementor-widget-wrap elementor-element-populated\">\n\t\t\t\t\t\t<div class=\"elementor-element elementor-element-2d3256c color-scheme-inherit text-left elementor-widget elementor-widget-text-editor\" data-id=\"2d3256c\" data-element_type=\"widget\" data-e-type=\"widget\" data-widget_type=\"text-editor.default\">\n\t\t\t\t<div class=\"elementor-widget-container\">\n\t\t\t\t\t\t\t\t\t<h4>Sie haben Ihrem Zuhause ein St\u00fcck Natur geschenkt. Um der Natur zu danken und Ihren Servierwagen lange in ausgezeichnetem Zustand zu halten, nehmen Sie sich einen Moment Zeit und lesen Sie die Gebrauchs- und Wartungsanleitung sorgf\u00e4ltig durch.<\/h4>\n\t\t\t\t\t\t\t\t<\/div>\n\t\t\t\t<\/div>\n\t\t\t\t\t<\/div>\n\t\t<\/div>\n\t\t\t\t\t<\/div>\n\t\t<\/section>\n\t\t\t\t<section class=\"elementor-section elementor-top-section elementor-element elementor-element-4700c3d elementor-section-boxed elementor-section-height-default elementor-section-height-default wd-section-disabled\" data-id=\"4700c3d\" data-element_type=\"section\" data-e-type=\"section\">\n\t\t\t\t\t\t<div class=\"elementor-container elementor-column-gap-default\">\n\t\t\t\t\t<div class=\"elementor-column elementor-col-50 elementor-top-column elementor-element elementor-element-59258ed\" data-id=\"59258ed\" data-element_type=\"column\" data-e-type=\"column\">\n\t\t\t<div class=\"elementor-widget-wrap elementor-element-populated\">\n\t\t\t\t\t\t<div class=\"elementor-element elementor-element-f76c258 color-scheme-inherit text-left elementor-widget elementor-widget-text-editor\" data-id=\"f76c258\" data-element_type=\"widget\" data-e-type=\"widget\" data-widget_type=\"text-editor.default\">\n\t\t\t\t<div class=\"elementor-widget-container\">\n\t\t\t\t\t\t\t\t\t<p>Nicht in der N\u00e4he eines Heizk\u00f6rpers oder offener Flamme lagern oder verwenden. Setzen Sie es au\u00dferdem keiner direkten Sonneneinstrahlung oder anderen W\u00e4rmequellen aus.<\/p>\n<p>Damit Ihr Servierwagen l\u00e4nger sch\u00f6n aussieht, bestreichen Sie ihn gelegentlich mit dem mitgelieferten \u00d6l. Dies geschieht am besten mit einem weichen Tuch, das zuvor mit \u00d6l angefeuchtet wurde. Benutzen Sie den Servierwagen nach dem Ein\u00f6len mindestens zwanzig Stunden lang nicht. Anschlie\u00dfend \u00fcbersch\u00fcssiges \u00d6l mit einem trockenen Tuch entfernen. Tragen Sie kein \u00d6l auf lackierte Teile auf, da diese mit Wachs \u00fcberzogen sind. Daher ben\u00f6tigen sie keine zus\u00e4tzliche Pflege mit \u00d6l. Auch zur Pflege von Metallteilen ist das \u00d6l nicht geeignet. Vermeiden Sie diese Teile bei der Fellpflege.<\/p>\n<p>Um Sch\u00e4den an der Oberfl\u00e4che des Servierwagens zu vermeiden, empfehlen wir Ihnen, zum Schneiden ein zus\u00e4tzliches K\u00fcchenbrett zu verwenden, das Sie auf die Arbeitsfl\u00e4che des Servierwagens legen.<\/p>\n\t\t\t\t\t\t\t\t<\/div>\n\t\t\t\t<\/div>\n\t\t\t\t\t<\/div>\n\t\t<\/div>\n\t\t\t\t<div class=\"elementor-column elementor-col-50 elementor-top-column elementor-element elementor-element-f6eea1b\" data-id=\"f6eea1b\" data-element_type=\"column\" data-e-type=\"column\">\n\t\t\t<div class=\"elementor-widget-wrap elementor-element-populated\">\n\t\t\t\t\t\t<div class=\"elementor-element elementor-element-86159dc color-scheme-inherit text-left elementor-widget elementor-widget-text-editor\" data-id=\"86159dc\" data-element_type=\"widget\" data-e-type=\"widget\" data-widget_type=\"text-editor.default\">\n\t\t\t\t<div class=\"elementor-widget-container\">\n\t\t\t\t\t\t\t\t\t<p>Reinigen und wischen Sie den Servierwagen nach Gebrauch mit einem weichen Tuch oder einem sauberen Papiertuch ab. Befeuchten Sie die Oberfl\u00e4che des Servierwagens nicht. Verwenden Sie zum Reinigen ein feuchtes Tuch. Benutzen Sie auf keinen Fall die Sp\u00fclmaschine, um die Komponenten des Servierwagens zu reinigen.<\/p>\n<p>Lagern oder verwenden Sie den Servierwagen nicht an einem feuchten oder kalten Ort. Halten Sie es immer trocken.<\/p>\n<p>Setzen Sie es keinen direkten Witterungseinfl\u00fcssen von au\u00dfen aus.<\/p>\n<p>Wenn ein Teil des Servierwagens \u00fcber bewegliche R\u00e4der verf\u00fcgt, empfehlen wir Ihnen, beim Gebrauch des Wagens die Bremsen zu bet\u00e4tigen.<\/p>\n<p>Ein Paar R\u00e4der ist mit einem kleinen Hebel ausgestattet, den Sie vor der Verwendung nach unten dr\u00fccken. Um den Bremsvorgang zu stoppen, dr\u00fccken Sie einfach den Hebel wieder nach oben. Beim Bewegen des Servierwagens sollten sich alle seine Komponenten in ihrer urspr\u00fcnglichen Position befinden. Lassen Sie keine instabilen Gegenst\u00e4nde auf der Arbeitsfl\u00e4che liegen, die den Wagen besch\u00e4digen k\u00f6nnten, wenn er herunterf\u00e4llt.<\/p>\n\t\t\t\t\t\t\t\t<\/div>\n\t\t\t\t<\/div>\n\t\t\t\t\t<\/div>\n\t\t<\/div>\n\t\t\t\t\t<\/div>\n\t\t<\/section>\n\t\t\t\t<section class=\"elementor-section elementor-top-section elementor-element elementor-element-07c98e4 elementor-section-boxed elementor-section-height-default elementor-section-height-default wd-section-disabled\" data-id=\"07c98e4\" data-element_type=\"section\" data-e-type=\"section\">\n\t\t\t\t\t\t<div class=\"elementor-container elementor-column-gap-default\">\n\t\t\t\t\t<div class=\"elementor-column elementor-col-100 elementor-top-column elementor-element elementor-element-43fcd7b\" data-id=\"43fcd7b\" data-element_type=\"column\" data-e-type=\"column\">\n\t\t\t<div class=\"elementor-widget-wrap elementor-element-populated\">\n\t\t\t\t\t\t<div class=\"elementor-element elementor-element-e6f5939 color-scheme-inherit text-left elementor-widget elementor-widget-text-editor\" data-id=\"e6f5939\" data-element_type=\"widget\" data-e-type=\"widget\" data-widget_type=\"text-editor.default\">\n\t\t\t\t<div class=\"elementor-widget-container\">\n\t\t\t\t\t\t\t\t\t<h4>Wir m\u00f6chten betonen, dass Ihr Servierwagen handgefertigt und sorgf\u00e4ltig gepr\u00fcft wurde.<\/h4>\n\t\t\t\t\t\t\t\t<\/div>\n\t\t\t\t<\/div>\n\t\t\t\t\t<\/div>\n\t\t<\/div>\n\t\t\t\t\t<\/div>\n\t\t<\/section>\n\t\t\t\t<\/div>\n\t\t","protected":false},"excerpt":{"rendered":"<p>Sie haben Ihrem Zuhause ein St\u00fcck Natur geschenkt. Um der Natur zu danken und Ihren Servierwagen lange in ausgezeichnetem Zustand<\/p>\n","protected":false},"author":1,"featured_media":0,"parent":0,"menu_order":0,"comment_status":"closed","ping_status":"closed","template":"elementor_header_footer","meta":{"footnotes":""},"class_list":["post-15590","page","type-page","status-publish","hentry"],"_links":{"self":[{"href":"https:\/\/goody-woody.com\/de\/wp-json\/wp\/v2\/pages\/15590","targetHints":{"allow":["GET"]}}],"collection":[{"href":"https:\/\/goody-woody.com\/de\/wp-json\/wp\/v2\/pages"}],"about":[{"href":"https:\/\/goody-woody.com\/de\/wp-json\/wp\/v2\/types\/page"}],"author":[{"embeddable":true,"href":"https:\/\/goody-woody.com\/de\/wp-json\/wp\/v2\/users\/1"}],"replies":[{"embeddable":true,"href":"https:\/\/goody-woody.com\/de\/wp-json\/wp\/v2\/comments?post=15590"}],"version-history":[{"count":1,"href":"https:\/\/goody-woody.com\/de\/wp-json\/wp\/v2\/pages\/15590\/revisions"}],"predecessor-version":[{"id":15591,"href":"https:\/\/goody-woody.com\/de\/wp-json\/wp\/v2\/pages\/15590\/revisions\/15591"}],"wp:attachment":[{"href":"https:\/\/goody-woody.com\/de\/wp-json\/wp\/v2\/media?parent=15590"}],"curies":[{"name":"wp","href":"https:\/\/api.w.org\/{rel}","templated":true}]}}