{"id":12051,"date":"2024-02-04T15:17:15","date_gmt":"2024-02-04T15:17:15","guid":{"rendered":"https:\/\/goody-woody.com\/?post_type=product&#038;p=12051"},"modified":"2026-02-07T19:41:40","modified_gmt":"2026-02-07T19:41:40","slug":"stojalo-za-knjige-oreh","status":"publish","type":"product","link":"https:\/\/goody-woody.com\/de\/produkt\/stojalo-za-knjige-oreh\/","title":{"rendered":"stojalo za knjige &#8211; oreh"},"content":{"rendered":"\t\t<div data-elementor-type=\"wp-post\" data-elementor-id=\"12051\" class=\"elementor elementor-12051\" data-elementor-post-type=\"product\">\n\t\t\t\t\t\t<section class=\"elementor-section elementor-top-section elementor-element elementor-element-0f3c11d elementor-section-boxed elementor-section-height-default elementor-section-height-default wd-section-disabled\" data-id=\"0f3c11d\" data-element_type=\"section\" data-e-type=\"section\">\n\t\t\t\t\t\t<div class=\"elementor-container elementor-column-gap-default\">\n\t\t\t\t\t<div class=\"elementor-column elementor-col-33 elementor-top-column elementor-element elementor-element-cf58017\" data-id=\"cf58017\" data-element_type=\"column\" data-e-type=\"column\">\n\t\t\t<div class=\"elementor-widget-wrap\">\n\t\t\t\t\t\t\t<\/div>\n\t\t<\/div>\n\t\t\t\t<div class=\"elementor-column elementor-col-33 elementor-top-column elementor-element elementor-element-60a16fe\" data-id=\"60a16fe\" data-element_type=\"column\" data-e-type=\"column\">\n\t\t\t<div class=\"elementor-widget-wrap\">\n\t\t\t\t\t\t\t<\/div>\n\t\t<\/div>\n\t\t\t\t<div class=\"elementor-column elementor-col-33 elementor-top-column elementor-element elementor-element-9315db4\" data-id=\"9315db4\" data-element_type=\"column\" data-e-type=\"column\">\n\t\t\t<div class=\"elementor-widget-wrap\">\n\t\t\t\t\t\t\t<\/div>\n\t\t<\/div>\n\t\t\t\t\t<\/div>\n\t\t<\/section>\n\t\t\t\t<section class=\"elementor-section elementor-top-section elementor-element elementor-element-cffbece elementor-section-boxed elementor-section-height-default elementor-section-height-default wd-section-disabled\" data-id=\"cffbece\" data-element_type=\"section\" data-e-type=\"section\">\n\t\t\t\t\t\t<div class=\"elementor-container elementor-column-gap-default\">\n\t\t\t\t\t<div class=\"elementor-column elementor-col-33 elementor-top-column elementor-element elementor-element-6b4ae8b\" data-id=\"6b4ae8b\" data-element_type=\"column\" data-e-type=\"column\">\n\t\t\t<div class=\"elementor-widget-wrap elementor-element-populated\">\n\t\t\t\t\t\t<div class=\"elementor-element elementor-element-5d35834 elementor-widget elementor-widget-wd_text_block\" data-id=\"5d35834\" data-element_type=\"widget\" data-e-type=\"widget\" data-widget_type=\"wd_text_block.default\">\n\t\t\t\t<div class=\"elementor-widget-container\">\n\t\t\t\t\t\t\t<div class=\"wd-text-block reset-last-child text-left\">\n\t\t\t\n\t\t\t<h3>Opis\u00a0<\/h3><div class=\"relative flex w-full flex-col lg:w-[calc(100%-115px)] agent-turn\"><div class=\"flex-col gap-1 md:gap-3\"><div class=\"flex flex-grow flex-col max-w-full\"><div class=\"min-h-[20px] text-message flex flex-col items-start gap-3 whitespace-pre-wrap break-words [.text-message+&amp;]:mt-5 overflow-x-auto\" data-message-author-role=\"assistant\" data-message-id=\"0ec08c50-e6df-4871-8b48-c11978e61812\"><div class=\"markdown prose w-full break-words dark:prose-invert light\"><div class=\"w-full text-token-text-primary\" data-testid=\"conversation-turn-17\"><div class=\"px-4 py-2 justify-center text-base md:gap-6 m-auto\"><div class=\"flex flex-1 text-base mx-auto gap-3 md:px-5 lg:px-1 xl:px-5 md:max-w-3xl lg:max-w-[40rem] xl:max-w-[48rem] group\"><div class=\"relative flex w-full flex-col lg:w-[calc(100%-115px)] agent-turn\"><div class=\"flex-col gap-1 md:gap-3\"><div class=\"flex flex-grow flex-col max-w-full\"><div class=\"min-h-[20px] text-message flex flex-col items-start gap-3 whitespace-pre-wrap break-words [.text-message+&amp;]:mt-5 overflow-x-auto\" data-message-author-role=\"assistant\" data-message-id=\"a77793d2-4606-433f-9576-c32ac2adff90\"><div class=\"markdown prose w-full break-words dark:prose-invert light\"><p>Seveda, \u010de ima\u0161 raje orehov les, je stojalo iz orehovega lesa odli\u010dna izbira za tvojo kuharsko knjigo! Ro\u010dno izdelano iz visokokakovostnega orehovega lesa, bo stojalo dodalo pridih elegance in naravne lepote v tvojo kuhinjo.<\/p><p>Orehov les s svojimi temnimi toni in izrazitimi vzorci bo stojalu dodal prefinjenost in avtenti\u010dnost. Stojalo je oblikovano tako, da varno dr\u017ei tvojo kuharsko knjigo, hkrati pa ohranja njeno berljivost med pripravo jedi.<\/p><p>Namizno stojalo iz orehovega lesa bo \u010dudovit dodatek k tvoji kuhinji, ki ne bo le organiziral tvoje kuharske literature, temve\u010d tudi dopolnil celoten estetski videz prostora.\u00a0<\/p><\/div><\/div><\/div><\/div><\/div><\/div><\/div><\/div><div class=\"w-full text-token-text-primary\" data-testid=\"conversation-turn-18\"><div class=\"px-4 py-2 justify-center text-base md:gap-6 m-auto\"><div class=\"flex flex-1 text-base mx-auto gap-3 md:px-5 lg:px-1 xl:px-5 md:max-w-3xl lg:max-w-[40rem] xl:max-w-[48rem] group\"><div class=\"flex-shrink-0 flex flex-col relative items-end\"><div><div class=\"pt-0.5\"><div class=\"gizmo-shadow-stroke flex h-6 w-6 items-center justify-center overflow-hidden rounded-full\">\u00a0<\/div><\/div><\/div><\/div><\/div><\/div><\/div><\/div><\/div><\/div><\/div><\/div>\n\t\t\t\t\t<\/div>\n\t\t\t\t\t\t<\/div>\n\t\t\t\t<\/div>\n\t\t\t\t\t<\/div>\n\t\t<\/div>\n\t\t\t\t<div class=\"elementor-column elementor-col-33 elementor-top-column elementor-element elementor-element-50be839\" data-id=\"50be839\" data-element_type=\"column\" data-e-type=\"column\">\n\t\t\t<div class=\"elementor-widget-wrap elementor-element-populated\">\n\t\t\t\t\t\t<div class=\"elementor-element elementor-element-8c90571 elementor-widget elementor-widget-wd_text_block\" data-id=\"8c90571\" data-element_type=\"widget\" data-e-type=\"widget\" data-widget_type=\"wd_text_block.default\">\n\t\t\t\t<div class=\"elementor-widget-container\">\n\t\t\t\t\t\t\t<div class=\"wd-text-block reset-last-child text-left\">\n\t\t\t\n\t\t\t<h3>Naravni izdelek<\/h3><p>Upo\u0161tevajte, da so vsi na\u0161i artikli izdelani iz naravnega materiala in se lahko zaradi naravnih sprememb v lesu, nekoliko razlikujejo po velikosti, vzorcu in barvi. Vsi na\u0161i izdelki so popolnoma varni in primerni za stik\u00a0 s hrano.<\/p><p>Lesene sklede, deske in pribor so odli\u010dna popestritev kuhinje. Les je naravno antibakterijski, zato \u010di\u0161\u010denje in razku\u017eevanje teh predmetov ob\u010dasno pomaga nadzorovati koli\u010dino bakterij, ki se lahko razvijejo na lesu. Kljub splo\u0161nemu prepri\u010danju porozna povr\u0161ina lesa dejansko prikraj\u0161a bakterije za toploto in vlago, potrebno za pre\u017eivetje, in bakterije dejansko umrejo na povr\u0161ini v nekaj sekundah.<\/p>\n\t\t\t\t\t<\/div>\n\t\t\t\t\t\t<\/div>\n\t\t\t\t<\/div>\n\t\t\t\t\t<\/div>\n\t\t<\/div>\n\t\t\t\t<div class=\"elementor-column elementor-col-33 elementor-top-column elementor-element elementor-element-b8ddeb0\" data-id=\"b8ddeb0\" data-element_type=\"column\" data-e-type=\"column\">\n\t\t\t<div class=\"elementor-widget-wrap elementor-element-populated\">\n\t\t\t\t\t\t<div class=\"elementor-element elementor-element-ea5a97e elementor-widget elementor-widget-wd_text_block\" data-id=\"ea5a97e\" data-element_type=\"widget\" data-e-type=\"widget\" data-widget_type=\"wd_text_block.default\">\n\t\t\t\t<div class=\"elementor-widget-container\">\n\t\t\t\t\t\t\t<div class=\"wd-text-block reset-last-child text-center\">\n\t\t\t\n\t\t\t<h3>Certifikati<\/h3>\n\t\t\t\t\t<\/div>\n\t\t\t\t\t\t<\/div>\n\t\t\t\t<\/div>\n\t\t\t\t<div class=\"elementor-element elementor-element-acca30d elementor-widget elementor-widget-image\" data-id=\"acca30d\" data-element_type=\"widget\" data-e-type=\"widget\" data-widget_type=\"image.default\">\n\t\t\t\t<div class=\"elementor-widget-container\">\n\t\t\t\t\t\t\t\t\t\t\t\t\t\t\t\t<a href=\"https:\/\/www.goody-woody.com\/certifikati\/gw_certifikat_FSCcertificate_002857_SiDG_Group_of_traders_v3.0.pdf\">\n\t\t\t\t\t\t\t<img decoding=\"async\" width=\"150\" height=\"150\" src=\"https:\/\/goody-woody.com\/wp-content\/themes\/woodmart\/images\/lazy.png\" class=\"attachment-thumbnail size-thumbnail wp-image-9228 wd-lazy-load wd-lazy-fade\" alt=\"\" data-wood-src=\"https:\/\/goody-woody.com\/wp-content\/uploads\/2022\/07\/Forest_Stewardship_Council_Logo.svg-150x150.png\" srcset=\"\" \/>\t\t\t\t\t\t\t\t<\/a>\n\t\t\t\t\t\t\t\t\t\t\t\t\t\t\t<\/div>\n\t\t\t\t<\/div>\n\t\t\t\t<div class=\"elementor-element elementor-element-97f9831 elementor-widget elementor-widget-image\" data-id=\"97f9831\" data-element_type=\"widget\" data-e-type=\"widget\" data-widget_type=\"image.default\">\n\t\t\t\t<div class=\"elementor-widget-container\">\n\t\t\t\t\t\t\t\t\t\t\t\t\t\t\t\t<a href=\"https:\/\/www.goody-woody.com\/certifikati\/gw_certifikat_osmo.pdf\">\n\t\t\t\t\t\t\t<img decoding=\"async\" width=\"139\" height=\"75\" src=\"https:\/\/goody-woody.com\/wp-content\/themes\/woodmart\/images\/lazy.png\" class=\"attachment-medium size-medium wp-image-9727 wd-lazy-load wd-lazy-fade\" alt=\"\" data-wood-src=\"https:\/\/goody-woody.com\/wp-content\/uploads\/2022\/07\/Screenshot-2022-08-27-at-20.24.08.png\" srcset=\"\" \/>\t\t\t\t\t\t\t\t<\/a>\n\t\t\t\t\t\t\t\t\t\t\t\t\t\t\t<\/div>\n\t\t\t\t<\/div>\n\t\t\t\t\t<\/div>\n\t\t<\/div>\n\t\t\t\t\t<\/div>\n\t\t<\/section>\n\t\t\t\t<\/div>\n\t\t","protected":false},"excerpt":{"rendered":"<p>Opis\u00a0 Seveda, \u010de ima\u0161 raje orehov les, je stojalo iz orehovega lesa odli\u010dna izbira za tvojo kuharsko knjigo! Ro\u010dno izdelano<\/p>\n","protected":false},"featured_media":10533,"template":"","meta":[],"product_brand":[],"product_cat":[137,88],"product_tag":[139,138,140,107],"class_list":{"0":"post-12051","1":"product","2":"type-product","3":"status-publish","4":"has-post-thumbnail","6":"product_cat-outlet","7":"product_cat-poslovna-darila","8":"product_tag-ambient","9":"product_tag-dom","10":"product_tag-les","11":"product_tag-oreh","12":"product_shipping_class-do-2kg","14":"first","15":"instock","16":"featured","17":"taxable","18":"shipping-taxable","19":"purchasable","20":"product-type-simple"},"_links":{"self":[{"href":"https:\/\/goody-woody.com\/de\/wp-json\/wp\/v2\/product\/12051","targetHints":{"allow":["GET"]}}],"collection":[{"href":"https:\/\/goody-woody.com\/de\/wp-json\/wp\/v2\/product"}],"about":[{"href":"https:\/\/goody-woody.com\/de\/wp-json\/wp\/v2\/types\/product"}],"version-history":[{"count":4,"href":"https:\/\/goody-woody.com\/de\/wp-json\/wp\/v2\/product\/12051\/revisions"}],"predecessor-version":[{"id":12064,"href":"https:\/\/goody-woody.com\/de\/wp-json\/wp\/v2\/product\/12051\/revisions\/12064"}],"wp:featuredmedia":[{"embeddable":true,"href":"https:\/\/goody-woody.com\/de\/wp-json\/wp\/v2\/media\/10533"}],"wp:attachment":[{"href":"https:\/\/goody-woody.com\/de\/wp-json\/wp\/v2\/media?parent=12051"}],"wp:term":[{"taxonomy":"product_brand","embeddable":true,"href":"https:\/\/goody-woody.com\/de\/wp-json\/wp\/v2\/product_brand?post=12051"},{"taxonomy":"product_cat","embeddable":true,"href":"https:\/\/goody-woody.com\/de\/wp-json\/wp\/v2\/product_cat?post=12051"},{"taxonomy":"product_tag","embeddable":true,"href":"https:\/\/goody-woody.com\/de\/wp-json\/wp\/v2\/product_tag?post=12051"}],"curies":[{"name":"wp","href":"https:\/\/api.w.org\/{rel}","templated":true}]}}