{"id":15190,"date":"2024-06-23T20:33:07","date_gmt":"2024-06-23T20:33:07","guid":{"rendered":"https:\/\/goody-woody.com\/?post_type=product&#038;p=15190"},"modified":"2024-06-23T20:49:37","modified_gmt":"2024-06-23T20:49:37","slug":"zlica-za-obuvanje-16-cm","status":"publish","type":"product","link":"https:\/\/goody-woody.com\/de\/produkt\/zlica-za-obuvanje-16-cm\/","title":{"rendered":"\u017dlica za obuvanje, 16 cm"},"content":{"rendered":"\t\t<div data-elementor-type=\"wp-post\" data-elementor-id=\"15190\" class=\"elementor elementor-15190\" data-elementor-post-type=\"product\">\n\t\t\t\t\t\t<section class=\"elementor-section elementor-top-section elementor-element elementor-element-0f3c11d elementor-section-boxed elementor-section-height-default elementor-section-height-default wd-section-disabled\" data-id=\"0f3c11d\" data-element_type=\"section\" data-e-type=\"section\">\n\t\t\t\t\t\t<div class=\"elementor-container elementor-column-gap-default\">\n\t\t\t\t\t<div class=\"elementor-column elementor-col-33 elementor-top-column elementor-element elementor-element-cf58017\" data-id=\"cf58017\" data-element_type=\"column\" data-e-type=\"column\">\n\t\t\t<div class=\"elementor-widget-wrap\">\n\t\t\t\t\t\t\t<\/div>\n\t\t<\/div>\n\t\t\t\t<div class=\"elementor-column elementor-col-33 elementor-top-column elementor-element elementor-element-60a16fe\" data-id=\"60a16fe\" data-element_type=\"column\" data-e-type=\"column\">\n\t\t\t<div class=\"elementor-widget-wrap\">\n\t\t\t\t\t\t\t<\/div>\n\t\t<\/div>\n\t\t\t\t<div class=\"elementor-column elementor-col-33 elementor-top-column elementor-element elementor-element-9315db4\" data-id=\"9315db4\" data-element_type=\"column\" data-e-type=\"column\">\n\t\t\t<div class=\"elementor-widget-wrap\">\n\t\t\t\t\t\t\t<\/div>\n\t\t<\/div>\n\t\t\t\t\t<\/div>\n\t\t<\/section>\n\t\t\t\t<section class=\"elementor-section elementor-top-section elementor-element elementor-element-cffbece elementor-section-boxed elementor-section-height-default elementor-section-height-default wd-section-disabled\" data-id=\"cffbece\" data-element_type=\"section\" data-e-type=\"section\">\n\t\t\t\t\t\t<div class=\"elementor-container elementor-column-gap-default\">\n\t\t\t\t\t<div class=\"elementor-column elementor-col-33 elementor-top-column elementor-element elementor-element-6b4ae8b\" data-id=\"6b4ae8b\" data-element_type=\"column\" data-e-type=\"column\">\n\t\t\t<div class=\"elementor-widget-wrap elementor-element-populated\">\n\t\t\t\t\t\t<div class=\"elementor-element elementor-element-5d35834 elementor-widget elementor-widget-wd_text_block\" data-id=\"5d35834\" data-element_type=\"widget\" data-e-type=\"widget\" data-widget_type=\"wd_text_block.default\">\n\t\t\t\t<div class=\"elementor-widget-container\">\n\t\t\t\t\t\t\t<div class=\"wd-text-block reset-last-child text-left\">\n\t\t\t\n\t\t\t<h3>Nasveti za dalj\u0161o \u017eivljenjsko dobo\u00a0<\/h3><p><span style=\"font-weight: 400\">Da prepre\u010dimo in odpravimo povr\u0161inske made\u017ee, povr\u0161ino takoj po uporabi obri\u0161emo\u00a0 z mla\u010dno vodo.\u00a0 Nato posu\u0161imo s \u010disto, suho brisa\u010do za posodo. Va\u0161ega lesenege pripomo\u010dka \u00a0nikoli ne potapljajte \u00a0v vodi. Izogibajte se abrazivnim \u010distilnim sredstvom.\u00a0<\/span><span style=\"font-weight: 400\">\u010ce \u017eelimo odstraniti made\u017ee, pripomo\u010dek navla\u017eimo s toplo vodo in jo posujemo z grobo soljo ali\/in sodo bikarbono.\u00a0<\/span><\/p><p><span style=\"font-weight: 400\">Skrb za va\u0161 pripomo\u010dek \u00a0je odvisna od va\u0161e uporabe. Vsakodnevna uporaba in suho podnebje zahtevata pogostej\u0161o nego. Priporo\u010damo, da svoj pripomo\u010dek pogosto negujete, \u0161e posebej po pranju, z nanosom olja za deske, primernega za stik s hrano.<\/span><\/p><p><br style=\"font-weight: 400\" \/><br style=\"font-weight: 400\" \/><\/p>\n\t\t\t\t\t<\/div>\n\t\t\t\t\t\t<\/div>\n\t\t\t\t<\/div>\n\t\t\t\t\t<\/div>\n\t\t<\/div>\n\t\t\t\t<div class=\"elementor-column elementor-col-33 elementor-top-column elementor-element elementor-element-50be839\" data-id=\"50be839\" data-element_type=\"column\" data-e-type=\"column\">\n\t\t\t<div class=\"elementor-widget-wrap elementor-element-populated\">\n\t\t\t\t\t\t<div class=\"elementor-element elementor-element-8c90571 elementor-widget elementor-widget-wd_text_block\" data-id=\"8c90571\" data-element_type=\"widget\" data-e-type=\"widget\" data-widget_type=\"wd_text_block.default\">\n\t\t\t\t<div class=\"elementor-widget-container\">\n\t\t\t\t\t\t\t<div class=\"wd-text-block reset-last-child text-left\">\n\t\t\t\n\t\t\t<h3>Naravni izdelek<\/h3><p>Upo\u0161tevajte, da so vsi na\u0161i artikli izdelani iz naravnega materiala in se lahko zaradi naravnih sprememb v lesu, nekoliko razlikujejo po velikosti, vzorcu in barvi. Vsi na\u0161i izdelki so popolnoma varni in primerni za stik\u00a0 s hrano.<\/p><p>Lesene sklede, deske in pribor so odli\u010dna popestritev kuhinje. Les je naravno antibakterijski, zato \u010di\u0161\u010denje in razku\u017eevanje teh predmetov ob\u010dasno pomaga nadzorovati koli\u010dino bakterij, ki se lahko razvijejo na lesu. Kljub splo\u0161nemu prepri\u010danju porozna povr\u0161ina lesa dejansko prikraj\u0161a bakterije za toploto in vlago, potrebno za pre\u017eivetje, in bakterije dejansko umrejo na povr\u0161ini v nekaj sekundah.<\/p>\n\t\t\t\t\t<\/div>\n\t\t\t\t\t\t<\/div>\n\t\t\t\t<\/div>\n\t\t\t\t\t<\/div>\n\t\t<\/div>\n\t\t\t\t<div class=\"elementor-column elementor-col-33 elementor-top-column elementor-element elementor-element-b8ddeb0\" data-id=\"b8ddeb0\" data-element_type=\"column\" data-e-type=\"column\">\n\t\t\t<div class=\"elementor-widget-wrap elementor-element-populated\">\n\t\t\t\t\t\t<div class=\"elementor-element elementor-element-ea5a97e elementor-widget elementor-widget-wd_text_block\" data-id=\"ea5a97e\" data-element_type=\"widget\" data-e-type=\"widget\" data-widget_type=\"wd_text_block.default\">\n\t\t\t\t<div class=\"elementor-widget-container\">\n\t\t\t\t\t\t\t<div class=\"wd-text-block reset-last-child text-left\">\n\t\t\t\n\t\t\t<h3>Lastnosti:<\/h3><p><strong>Material<\/strong>: Orehov les je znan po svoji trdnosti, vzdr\u017eljivosti in bogati, temni barvi. Je priljubljen material za izdelavo kakovostnih lesenih izdelkov zaradi svoje lepote in trpe\u017enosti.<\/p><p><strong>Dol\u017eina<\/strong>: 16 cm dol\u017eina je primerna za prenosno uporabo. Ta velikost je kompaktna, idealna za prena\u0161anje v torbi ali shranjevanje v manj\u0161i predal.<\/p><p><strong>Oblika<\/strong>: \u017dlica za obuvanje ima rahlo zaobljeno povr\u0161ino, ki omogo\u010da stopalu, da enostavno zdrsne v \u010develj. Kraj\u0161a dol\u017eina omogo\u010da udoben oprijem in uporabo z eno roko.<\/p>\n\t\t\t\t\t<\/div>\n\t\t\t\t\t\t<\/div>\n\t\t\t\t<\/div>\n\t\t\t\t\t<\/div>\n\t\t<\/div>\n\t\t\t\t\t<\/div>\n\t\t<\/section>\n\t\t\t\t<section class=\"elementor-section elementor-top-section elementor-element elementor-element-28464f6 elementor-section-boxed elementor-section-height-default elementor-section-height-default wd-section-disabled\" data-id=\"28464f6\" data-element_type=\"section\" data-e-type=\"section\">\n\t\t\t\t\t\t<div class=\"elementor-container elementor-column-gap-default\">\n\t\t\t\t\t<div class=\"elementor-column elementor-col-100 elementor-top-column elementor-element elementor-element-6eeead0\" data-id=\"6eeead0\" data-element_type=\"column\" data-e-type=\"column\">\n\t\t\t<div class=\"elementor-widget-wrap elementor-element-populated\">\n\t\t\t\t\t\t<div class=\"elementor-element elementor-element-a348282 elementor-widget elementor-widget-wd_text_block\" data-id=\"a348282\" data-element_type=\"widget\" data-e-type=\"widget\" data-widget_type=\"wd_text_block.default\">\n\t\t\t\t<div class=\"elementor-widget-container\">\n\t\t\t\t\t\t\t<div class=\"wd-text-block reset-last-child text-left\">\n\t\t\t\n\t\t\t\n\t\t\t\t\t<\/div>\n\t\t\t\t\t\t<\/div>\n\t\t\t\t<\/div>\n\t\t\t\t\t<\/div>\n\t\t<\/div>\n\t\t\t\t\t<\/div>\n\t\t<\/section>\n\t\t\t\t<\/div>\n\t\t","protected":false},"excerpt":{"rendered":"<div class=\"flex-shrink-0 flex flex-col relative items-end\">\n<div class=\"pt-0.5 juice:pt-0\">\n<div class=\"gizmo-bot-avatar flex h-6 w-6 items-center justify-center overflow-hidden rounded-full juice:h-8 juice:w-8\">\n<div class=\"relative p-1 rounded-sm flex items-center justify-center bg-token-main-surface-primary text-token-text-primary h-8 w-8\">Lesena \u017elica za obuvanje je klasi\u010den in prakti\u010den pripomo\u010dek, ki olaj\u0161a obuvanje \u010devljev.<\/div>\n<\/div>\n<\/div>\n<\/div>\n","protected":false},"featured_media":15191,"template":"","meta":[],"product_brand":[],"product_cat":[119],"product_tag":[120,150],"class_list":{"0":"post-15190","1":"product","2":"type-product","3":"status-publish","4":"has-post-thumbnail","6":"product_cat-pripomocki","7":"product_tag-pripomocki","8":"product_tag-zlica","9":"product_shipping_class-do-500g","11":"first","12":"instock","13":"taxable","14":"shipping-taxable","15":"purchasable","16":"product-type-simple"},"_links":{"self":[{"href":"https:\/\/goody-woody.com\/de\/wp-json\/wp\/v2\/product\/15190","targetHints":{"allow":["GET"]}}],"collection":[{"href":"https:\/\/goody-woody.com\/de\/wp-json\/wp\/v2\/product"}],"about":[{"href":"https:\/\/goody-woody.com\/de\/wp-json\/wp\/v2\/types\/product"}],"version-history":[{"count":5,"href":"https:\/\/goody-woody.com\/de\/wp-json\/wp\/v2\/product\/15190\/revisions"}],"predecessor-version":[{"id":15201,"href":"https:\/\/goody-woody.com\/de\/wp-json\/wp\/v2\/product\/15190\/revisions\/15201"}],"wp:featuredmedia":[{"embeddable":true,"href":"https:\/\/goody-woody.com\/de\/wp-json\/wp\/v2\/media\/15191"}],"wp:attachment":[{"href":"https:\/\/goody-woody.com\/de\/wp-json\/wp\/v2\/media?parent=15190"}],"wp:term":[{"taxonomy":"product_brand","embeddable":true,"href":"https:\/\/goody-woody.com\/de\/wp-json\/wp\/v2\/product_brand?post=15190"},{"taxonomy":"product_cat","embeddable":true,"href":"https:\/\/goody-woody.com\/de\/wp-json\/wp\/v2\/product_cat?post=15190"},{"taxonomy":"product_tag","embeddable":true,"href":"https:\/\/goody-woody.com\/de\/wp-json\/wp\/v2\/product_tag?post=15190"}],"curies":[{"name":"wp","href":"https:\/\/api.w.org\/{rel}","templated":true}]}}