{"id":15532,"date":"2024-06-27T20:37:01","date_gmt":"2024-06-27T20:37:01","guid":{"rendered":"https:\/\/goody-woody.com\/product\/pizzamesser\/"},"modified":"2024-11-12T17:10:53","modified_gmt":"2024-11-12T17:10:53","slug":"pizzamesser","status":"publish","type":"product","link":"https:\/\/goody-woody.com\/de\/produkt\/pizzamesser\/","title":{"rendered":"Pizzamesser"},"content":{"rendered":"\t\t<div data-elementor-type=\"wp-post\" data-elementor-id=\"15532\" class=\"elementor elementor-15532 elementor-15271\" data-elementor-post-type=\"product\">\n\t\t\t\t\t\t<section class=\"elementor-section elementor-top-section elementor-element elementor-element-0f3c11d elementor-section-boxed elementor-section-height-default elementor-section-height-default wd-section-disabled\" data-id=\"0f3c11d\" data-element_type=\"section\" data-e-type=\"section\">\n\t\t\t\t\t\t<div class=\"elementor-container elementor-column-gap-default\">\n\t\t\t\t\t<div class=\"elementor-column elementor-col-33 elementor-top-column elementor-element elementor-element-cf58017\" data-id=\"cf58017\" data-element_type=\"column\" data-e-type=\"column\">\n\t\t\t<div class=\"elementor-widget-wrap\">\n\t\t\t\t\t\t\t<\/div>\n\t\t<\/div>\n\t\t\t\t<div class=\"elementor-column elementor-col-33 elementor-top-column elementor-element elementor-element-60a16fe\" data-id=\"60a16fe\" data-element_type=\"column\" data-e-type=\"column\">\n\t\t\t<div class=\"elementor-widget-wrap\">\n\t\t\t\t\t\t\t<\/div>\n\t\t<\/div>\n\t\t\t\t<div class=\"elementor-column elementor-col-33 elementor-top-column elementor-element elementor-element-9315db4\" data-id=\"9315db4\" data-element_type=\"column\" data-e-type=\"column\">\n\t\t\t<div class=\"elementor-widget-wrap\">\n\t\t\t\t\t\t\t<\/div>\n\t\t<\/div>\n\t\t\t\t\t<\/div>\n\t\t<\/section>\n\t\t\t\t<section class=\"elementor-section elementor-top-section elementor-element elementor-element-cffbece elementor-section-boxed elementor-section-height-default elementor-section-height-default wd-section-disabled\" data-id=\"cffbece\" data-element_type=\"section\" data-e-type=\"section\">\n\t\t\t\t\t\t<div class=\"elementor-container elementor-column-gap-default\">\n\t\t\t\t\t<div class=\"elementor-column elementor-col-33 elementor-top-column elementor-element elementor-element-6b4ae8b\" data-id=\"6b4ae8b\" data-element_type=\"column\" data-e-type=\"column\">\n\t\t\t<div class=\"elementor-widget-wrap elementor-element-populated\">\n\t\t\t\t\t\t<div class=\"elementor-element elementor-element-5d35834 elementor-widget elementor-widget-wd_text_block\" data-id=\"5d35834\" data-element_type=\"widget\" data-e-type=\"widget\" data-widget_type=\"wd_text_block.default\">\n\t\t\t\t<div class=\"elementor-widget-container\">\n\t\t\t\t\t\t\t<div class=\"wd-text-block reset-last-child text-left\">\n\t\t\t\n\t\t\t<h3>Tipps f\u00fcr ein l\u00e4ngeres Leben<\/h3>\r\nUm Oberfl\u00e4chenflecken vorzubeugen und zu entfernen, wischen Sie die Oberfl\u00e4che sofort nach Gebrauch mit lauwarmem Wasser ab. Anschlie\u00dfend mit einem sauberen, trockenen Geschirrtuch abtrocknen. Tauchen Sie Ihr Holzwerkzeug niemals in Wasser. Vermeiden Sie scheuernde Reinigungsmittel. Wenn Sie Flecken entfernen m\u00f6chten, befeuchten Sie das Ger\u00e4t mit warmem Wasser und bestreuen Sie es mit grobem Salz und\/oder Backpulver.\r\n\r\nDie Pflege Ihres Gadgets h\u00e4ngt davon ab, wie Sie es verwenden. Der t\u00e4gliche Gebrauch und trockenes Klima erfordern eine h\u00e4ufigere Pflege. Wir empfehlen Ihnen, Ihr Ger\u00e4t h\u00e4ufig, insbesondere nach dem Waschen, mit einem f\u00fcr den Kontakt mit Lebensmitteln geeigneten Brett\u00f6l zu pflege\n\t\t\t\t\t<\/div>\n\t\t\t\t\t\t<\/div>\n\t\t\t\t<\/div>\n\t\t\t\t\t<\/div>\n\t\t<\/div>\n\t\t\t\t<div class=\"elementor-column elementor-col-33 elementor-top-column elementor-element elementor-element-50be839\" data-id=\"50be839\" data-element_type=\"column\" data-e-type=\"column\">\n\t\t\t<div class=\"elementor-widget-wrap elementor-element-populated\">\n\t\t\t\t\t\t<div class=\"elementor-element elementor-element-8c90571 elementor-widget elementor-widget-wd_text_block\" data-id=\"8c90571\" data-element_type=\"widget\" data-e-type=\"widget\" data-widget_type=\"wd_text_block.default\">\n\t\t\t\t<div class=\"elementor-widget-container\">\n\t\t\t\t\t\t\t<div class=\"wd-text-block reset-last-child text-left\">\n\t\t\t\n\t\t\t<h3>Ein Naturprodukt<\/h3>\r\nBitte beachten Sie, dass alle unsere Artikel aus Naturmaterial bestehen und aufgrund nat\u00fcrlicher Ver\u00e4nderungen des Holzes in Gr\u00f6\u00dfe, Muster und Farbe leicht variieren k\u00f6nnen. Alle unsere Produkte sind absolut sicher und f\u00fcr den Kontakt mit Lebensmitteln geeignet.\r\n\r\nSch\u00fcsseln, Bretter und Zubeh\u00f6r aus Holz sind eine tolle Erg\u00e4nzung f\u00fcr die K\u00fcche. Holz ist von Natur aus antibakteriell, daher tr\u00e4gt die regelm\u00e4\u00dfige Reinigung und Desinfektion dieser Gegenst\u00e4nde dazu bei, die Menge an Bakterien zu kontrollieren, die sich auf dem Holz entwickeln k\u00f6nnen. Entgegen der landl\u00e4ufigen Meinung entzieht die por\u00f6se Oberfl\u00e4che von Holz Bakterien tats\u00e4chlich die W\u00e4rme und Feuchtigkeit, die sie zum \u00dcberleben ben\u00f6tigen, und die Bakterien sterben tats\u00e4chlich innerhalb von Sekunden an der Oberfl\u00e4che ab.\n\t\t\t\t\t<\/div>\n\t\t\t\t\t\t<\/div>\n\t\t\t\t<\/div>\n\t\t\t\t\t<\/div>\n\t\t<\/div>\n\t\t\t\t<div class=\"elementor-column elementor-col-33 elementor-top-column elementor-element elementor-element-b8ddeb0\" data-id=\"b8ddeb0\" data-element_type=\"column\" data-e-type=\"column\">\n\t\t\t<div class=\"elementor-widget-wrap elementor-element-populated\">\n\t\t\t\t\t\t<div class=\"elementor-element elementor-element-ea5a97e elementor-widget elementor-widget-wd_text_block\" data-id=\"ea5a97e\" data-element_type=\"widget\" data-e-type=\"widget\" data-widget_type=\"wd_text_block.default\">\n\t\t\t\t<div class=\"elementor-widget-container\">\n\t\t\t\t\t\t\t<div class=\"wd-text-block reset-last-child text-left\">\n\t\t\t\n\t\t\tDas Pizzamesser mit Holzgriff ist ein funktionelles und \u00e4sthetisch ansprechendes K\u00fcchenwerkzeug, mit dem Sie problemlos Pizza und andere Gerichte schneiden k\u00f6nnen. Hier sind die Details eines solchen Messers:\r\n<h3>Merkmale:<\/h3>\r\n<strong>Klinge:<\/strong> Die Klinge eines Pizzamessers besteht normalerweise aus rostfreiem Stahl, der langlebig, scharf und rostbest\u00e4ndig ist.\r\n\r\n<strong>Griff:<\/strong> Die Holzgriffe f\u00fchlen sich angenehm an und sorgen f\u00fcr einen \u00e4sthetischen Reiz.\n\t\t\t\t\t<\/div>\n\t\t\t\t\t\t<\/div>\n\t\t\t\t<\/div>\n\t\t\t\t\t<\/div>\n\t\t<\/div>\n\t\t\t\t\t<\/div>\n\t\t<\/section>\n\t\t\t\t<section class=\"elementor-section elementor-top-section elementor-element elementor-element-28464f6 elementor-section-boxed elementor-section-height-default elementor-section-height-default wd-section-disabled\" data-id=\"28464f6\" data-element_type=\"section\" data-e-type=\"section\">\n\t\t\t\t\t\t<div class=\"elementor-container elementor-column-gap-default\">\n\t\t\t\t\t<div class=\"elementor-column elementor-col-100 elementor-top-column elementor-element elementor-element-6eeead0\" data-id=\"6eeead0\" data-element_type=\"column\" data-e-type=\"column\">\n\t\t\t<div class=\"elementor-widget-wrap elementor-element-populated\">\n\t\t\t\t\t\t<div class=\"elementor-element elementor-element-a348282 elementor-widget elementor-widget-wd_text_block\" data-id=\"a348282\" data-element_type=\"widget\" data-e-type=\"widget\" data-widget_type=\"wd_text_block.default\">\n\t\t\t\t<div class=\"elementor-widget-container\">\n\t\t\t\t\t\t\t<div class=\"wd-text-block reset-last-child text-left\">\n\t\t\t\n\t\t\t<h3>Pflege und Wartung:<\/h3>\r\n<strong>Reinigung<\/strong>: Die Pizzamesserklinge kann mit milder Seife und Wasser gewaschen werden. Wischen Sie den Holzgriff mit einem feuchten Tuch ab und trocknen Sie ihn ab. Vermeiden Sie l\u00e4ngeres Einweichen in Wasser und Maschinenw\u00e4sche, da der Holzgriff Feuchtigkeit aufnehmen und sich verformen kann.\r\n<strong>\u00d6len<\/strong>: Das regelm\u00e4\u00dfige Beschichten eines Holzgriffs mit Mineral\u00f6l oder einem anderen \u00d6l in Lebensmittelqualit\u00e4t sch\u00fctzt das Holz und verhindert, dass es austrocknet und Risse bekommt.\r\n<h3>\r\nVerwendung:<\/h3>\r\n<strong>Pizzaschneiden:<\/strong> Das Pizzamesser wurde entwickelt, um Pizza einfach und effizient in gleichm\u00e4\u00dfige St\u00fccke zu schneiden.\r\n<strong>Schneiden anderer Gerichte:<\/strong> Neben Pizza eignet sich das Messer auch zum Schneiden anderer Gerichte wie Kuchen, Sandwiches, Tortillas und dergleichen.\n\t\t\t\t\t<\/div>\n\t\t\t\t\t\t<\/div>\n\t\t\t\t<\/div>\n\t\t\t\t\t<\/div>\n\t\t<\/div>\n\t\t\t\t\t<\/div>\n\t\t<\/section>\n\t\t\t\t<\/div>\n\t\t","protected":false},"excerpt":{"rendered":"<p>Das Pizzamesser mit Holzgriff ist ein funktionelles und \u00e4sthetisch ansprechendes K\u00fcchenwerkzeug, mit dem Sie problemlos Pizza und andere Gerichte schneiden k\u00f6nnen.<\/p>\n","protected":false},"featured_media":15274,"template":"","meta":[],"product_brand":[],"product_cat":[231],"product_tag":[296,341],"class_list":{"0":"post-15532","1":"product","2":"type-product","3":"status-publish","4":"has-post-thumbnail","6":"product_cat-accessoires","7":"product_tag-accessoires","8":"product_tag-loffel","9":"product_shipping_class-bis-500-g","11":"first","12":"instock","13":"taxable","14":"shipping-taxable","15":"purchasable","16":"product-type-simple"},"_links":{"self":[{"href":"https:\/\/goody-woody.com\/de\/wp-json\/wp\/v2\/product\/15532","targetHints":{"allow":["GET"]}}],"collection":[{"href":"https:\/\/goody-woody.com\/de\/wp-json\/wp\/v2\/product"}],"about":[{"href":"https:\/\/goody-woody.com\/de\/wp-json\/wp\/v2\/types\/product"}],"version-history":[{"count":1,"href":"https:\/\/goody-woody.com\/de\/wp-json\/wp\/v2\/product\/15532\/revisions"}],"predecessor-version":[{"id":15533,"href":"https:\/\/goody-woody.com\/de\/wp-json\/wp\/v2\/product\/15532\/revisions\/15533"}],"wp:featuredmedia":[{"embeddable":true,"href":"https:\/\/goody-woody.com\/de\/wp-json\/wp\/v2\/media\/15274"}],"wp:attachment":[{"href":"https:\/\/goody-woody.com\/de\/wp-json\/wp\/v2\/media?parent=15532"}],"wp:term":[{"taxonomy":"product_brand","embeddable":true,"href":"https:\/\/goody-woody.com\/de\/wp-json\/wp\/v2\/product_brand?post=15532"},{"taxonomy":"product_cat","embeddable":true,"href":"https:\/\/goody-woody.com\/de\/wp-json\/wp\/v2\/product_cat?post=15532"},{"taxonomy":"product_tag","embeddable":true,"href":"https:\/\/goody-woody.com\/de\/wp-json\/wp\/v2\/product_tag?post=15532"}],"curies":[{"name":"wp","href":"https:\/\/api.w.org\/{rel}","templated":true}]}}