{"id":15748,"date":"2022-06-29T14:22:16","date_gmt":"2022-06-29T14:22:16","guid":{"rendered":"https:\/\/goody-woody.com\/product\/schuessel-114\/"},"modified":"2024-11-29T11:53:37","modified_gmt":"2024-11-29T11:53:37","slug":"schuessel-114","status":"publish","type":"product","link":"https:\/\/goody-woody.com\/de\/produkt\/schuessel-114\/","title":{"rendered":"Sch\u00fcssel 114"},"content":{"rendered":"\t\t<div data-elementor-type=\"wp-post\" data-elementor-id=\"15748\" class=\"elementor elementor-15748 elementor-8893\" data-elementor-post-type=\"product\">\n\t\t\t\t\t\t<section class=\"elementor-section elementor-top-section elementor-element elementor-element-b43bca5 elementor-section-boxed elementor-section-height-default elementor-section-height-default wd-section-disabled\" data-id=\"b43bca5\" data-element_type=\"section\" data-e-type=\"section\">\n\t\t\t\t\t\t<div class=\"elementor-container elementor-column-gap-default\">\n\t\t\t\t\t<div class=\"elementor-column elementor-col-33 elementor-top-column elementor-element elementor-element-089f06b\" data-id=\"089f06b\" data-element_type=\"column\" data-e-type=\"column\">\n\t\t\t<div class=\"elementor-widget-wrap\">\n\t\t\t\t\t\t\t<\/div>\n\t\t<\/div>\n\t\t\t\t<div class=\"elementor-column elementor-col-33 elementor-top-column elementor-element elementor-element-82d9621\" data-id=\"82d9621\" data-element_type=\"column\" data-e-type=\"column\">\n\t\t\t<div class=\"elementor-widget-wrap\">\n\t\t\t\t\t\t\t<\/div>\n\t\t<\/div>\n\t\t\t\t<div class=\"elementor-column elementor-col-33 elementor-top-column elementor-element elementor-element-f9f36b0\" data-id=\"f9f36b0\" data-element_type=\"column\" data-e-type=\"column\">\n\t\t\t<div class=\"elementor-widget-wrap\">\n\t\t\t\t\t\t\t<\/div>\n\t\t<\/div>\n\t\t\t\t\t<\/div>\n\t\t<\/section>\n\t\t\t\t<section class=\"elementor-section elementor-top-section elementor-element elementor-element-08d60a0 elementor-section-boxed elementor-section-height-default elementor-section-height-default wd-section-disabled\" data-id=\"08d60a0\" data-element_type=\"section\" data-e-type=\"section\">\n\t\t\t\t\t\t<div class=\"elementor-container elementor-column-gap-default\">\n\t\t\t\t\t<div class=\"elementor-column elementor-col-33 elementor-top-column elementor-element elementor-element-b537928\" data-id=\"b537928\" data-element_type=\"column\" data-e-type=\"column\">\n\t\t\t<div class=\"elementor-widget-wrap elementor-element-populated\">\n\t\t\t\t\t\t<div class=\"elementor-element elementor-element-b4fdb96 elementor-widget elementor-widget-wd_text_block\" data-id=\"b4fdb96\" data-element_type=\"widget\" data-e-type=\"widget\" data-widget_type=\"wd_text_block.default\">\n\t\t\t\t<div class=\"elementor-widget-container\">\n\t\t\t\t\t\t\t<div class=\"wd-text-block reset-last-child text-left\">\n\t\t\t\n\t\t\t<h4>Die Geheimnisse der Pflege Ihrer Holzschale<\/h4>\r\nNat\u00fcrlich kann all dieser Charme und Reiz verloren gehen, wenn sich die Sch\u00fcssel verzieht oder Risse aufweist. Um dies zu vermeiden, braucht es nur ein wenig Zeit, M\u00fche und das Verst\u00e4ndnis dieser Geheimnisse, um Ihre Holzschale richtig zu pflegen.\r\n\r\n- Alle Holzprodukte ben\u00f6tigen einen entsprechenden Schutz \u2013 Impr\u00e4gnierung.\r\n\r\n- Holzprodukte sind nicht zum Waschen in der Sp\u00fclmaschine geeignet.\r\n\r\n- W\u00e4rme ist nicht der beste Freund Ihres Holzprodukts.\r\n\r\n- Bessere Holzqualit\u00e4t = l\u00e4ngere Lebensdauer Ihres Holzst\u00fccks.\r\n\r\nGenauere Anleitungen finden Sie im Artikel \u2013 Tipps zur Pflege.\n\t\t\t\t\t<\/div>\n\t\t\t\t\t\t<\/div>\n\t\t\t\t<\/div>\n\t\t\t\t\t<\/div>\n\t\t<\/div>\n\t\t\t\t<div class=\"elementor-column elementor-col-33 elementor-top-column elementor-element elementor-element-c5a918b\" data-id=\"c5a918b\" data-element_type=\"column\" data-e-type=\"column\">\n\t\t\t<div class=\"elementor-widget-wrap elementor-element-populated\">\n\t\t\t\t\t\t<div class=\"elementor-element elementor-element-3969694 elementor-widget elementor-widget-wd_text_block\" data-id=\"3969694\" data-element_type=\"widget\" data-e-type=\"widget\" data-widget_type=\"wd_text_block.default\">\n\t\t\t\t<div class=\"elementor-widget-container\">\n\t\t\t\t\t\t\t<div class=\"wd-text-block reset-last-child text-left\">\n\t\t\t\n\t\t\t<h4>Ein Naturprodukt<\/h4>\r\nBitte beachten Sie, dass alle unsere Artikel aus Naturmaterial bestehen und aufgrund nat\u00fcrlicher Ver\u00e4nderungen des Holzes in Gr\u00f6\u00dfe, Muster und Farbe leicht variieren k\u00f6nnen. Alle unsere Produkte sind absolut sicher und f\u00fcr den Kontakt mit Lebensmitteln geeignet.\r\n\r\nSch\u00fcsseln, Bretter und Zubeh\u00f6r aus Holz sind eine tolle Erg\u00e4nzung f\u00fcr die K\u00fcche. Holz ist von Natur aus antibakteriell, daher tr\u00e4gt die regelm\u00e4\u00dfige Reinigung und Desinfektion dieser Gegenst\u00e4nde dazu bei, die Menge an Bakterien zu kontrollieren, die sich auf dem Holz entwickeln k\u00f6nnen. Entgegen der landl\u00e4ufigen Meinung entzieht die por\u00f6se Oberfl\u00e4che von Holz Bakterien tats\u00e4chlich die W\u00e4rme und Feuchtigkeit, die sie zum \u00dcberleben ben\u00f6tigen, und die Bakterien sterben tats\u00e4chlich innerhalb von Sekunden an der Oberfl\u00e4che ab.\n\t\t\t\t\t<\/div>\n\t\t\t\t\t\t<\/div>\n\t\t\t\t<\/div>\n\t\t\t\t\t<\/div>\n\t\t<\/div>\n\t\t\t\t<div class=\"elementor-column elementor-col-33 elementor-top-column elementor-element elementor-element-492389b\" data-id=\"492389b\" data-element_type=\"column\" data-e-type=\"column\">\n\t\t\t<div class=\"elementor-widget-wrap elementor-element-populated\">\n\t\t\t\t\t\t<div class=\"elementor-element elementor-element-6b6cd2a elementor-widget elementor-widget-wd_text_block\" data-id=\"6b6cd2a\" data-element_type=\"widget\" data-e-type=\"widget\" data-widget_type=\"wd_text_block.default\">\n\t\t\t\t<div class=\"elementor-widget-container\">\n\t\t\t\t\t\t\t<div class=\"wd-text-block reset-last-child text-center\">\n\t\t\t\n\t\t\t<h4>Zertifikate<\/h4>\n\t\t\t\t\t<\/div>\n\t\t\t\t\t\t<\/div>\n\t\t\t\t<\/div>\n\t\t\t\t<div class=\"elementor-element elementor-element-1bd4358 elementor-widget elementor-widget-image\" data-id=\"1bd4358\" data-element_type=\"widget\" data-e-type=\"widget\" data-widget_type=\"image.default\">\n\t\t\t\t<div class=\"elementor-widget-container\">\n\t\t\t\t\t\t\t\t\t\t\t\t\t\t\t\t<a href=\"https:\/\/www.goody-woody.com\/certifikati\/gw_certifikat_osmo.pdf\">\n\t\t\t\t\t\t\t<img decoding=\"async\" width=\"139\" height=\"75\" src=\"https:\/\/goody-woody.com\/wp-content\/themes\/woodmart\/images\/lazy.png\" class=\"attachment-medium size-medium wp-image-14495 wd-lazy-load wd-lazy-fade\" alt=\"\" data-wood-src=\"https:\/\/goody-woody.com\/wp-content\/uploads\/2022\/07\/Screenshot-2022-08-27-at-20.24.08.png\" srcset=\"\" \/>\t\t\t\t\t\t\t\t<\/a>\n\t\t\t\t\t\t\t\t\t\t\t\t\t\t\t<\/div>\n\t\t\t\t<\/div>\n\t\t\t\t\t<\/div>\n\t\t<\/div>\n\t\t\t\t\t<\/div>\n\t\t<\/section>\n\t\t\t\t<\/div>\n\t\t","protected":false},"excerpt":{"rendered":"<p>Die Geheimnisse der Pflege Ihrer Holzschale Nat\u00fcrlich kann all dieser Charme und Reiz verloren gehen, wenn sich die Sch\u00fcssel verzieht<\/p>\n","protected":false},"featured_media":14213,"template":"","meta":[],"product_brand":[],"product_cat":[164],"product_tag":[302,334],"class_list":{"0":"post-15748","1":"product","2":"type-product","3":"status-publish","4":"has-post-thumbnail","6":"product_cat-unkategorisiert","7":"product_tag-akazie","8":"product_tag-schussel","9":"product_shipping_class-bis-2kg","11":"first","12":"instock","13":"taxable","14":"shipping-taxable","15":"purchasable","16":"product-type-simple"},"_links":{"self":[{"href":"https:\/\/goody-woody.com\/de\/wp-json\/wp\/v2\/product\/15748","targetHints":{"allow":["GET"]}}],"collection":[{"href":"https:\/\/goody-woody.com\/de\/wp-json\/wp\/v2\/product"}],"about":[{"href":"https:\/\/goody-woody.com\/de\/wp-json\/wp\/v2\/types\/product"}],"version-history":[{"count":1,"href":"https:\/\/goody-woody.com\/de\/wp-json\/wp\/v2\/product\/15748\/revisions"}],"predecessor-version":[{"id":15749,"href":"https:\/\/goody-woody.com\/de\/wp-json\/wp\/v2\/product\/15748\/revisions\/15749"}],"wp:featuredmedia":[{"embeddable":true,"href":"https:\/\/goody-woody.com\/de\/wp-json\/wp\/v2\/media\/14213"}],"wp:attachment":[{"href":"https:\/\/goody-woody.com\/de\/wp-json\/wp\/v2\/media?parent=15748"}],"wp:term":[{"taxonomy":"product_brand","embeddable":true,"href":"https:\/\/goody-woody.com\/de\/wp-json\/wp\/v2\/product_brand?post=15748"},{"taxonomy":"product_cat","embeddable":true,"href":"https:\/\/goody-woody.com\/de\/wp-json\/wp\/v2\/product_cat?post=15748"},{"taxonomy":"product_tag","embeddable":true,"href":"https:\/\/goody-woody.com\/de\/wp-json\/wp\/v2\/product_tag?post=15748"}],"curies":[{"name":"wp","href":"https:\/\/api.w.org\/{rel}","templated":true}]}}