{"id":15887,"date":"2024-03-02T10:34:16","date_gmt":"2024-03-02T10:34:16","guid":{"rendered":"https:\/\/goody-woody.com\/product\/brotaufbewahrung-mit-bret\/"},"modified":"2024-12-02T09:19:06","modified_gmt":"2024-12-02T09:19:06","slug":"brotaufbewahrung-mit-bret","status":"publish","type":"product","link":"https:\/\/goody-woody.com\/de\/produkt\/brotaufbewahrung-mit-bret\/","title":{"rendered":"Brotaufbewahrung mit Bret"},"content":{"rendered":"\t\t<div data-elementor-type=\"wp-post\" data-elementor-id=\"15887\" class=\"elementor elementor-15887 elementor-12630\" data-elementor-post-type=\"product\">\n\t\t\t\t\t\t<section class=\"elementor-section elementor-top-section elementor-element elementor-element-0f3c11d elementor-section-boxed elementor-section-height-default elementor-section-height-default wd-section-disabled\" data-id=\"0f3c11d\" data-element_type=\"section\" data-e-type=\"section\">\n\t\t\t\t\t\t<div class=\"elementor-container elementor-column-gap-default\">\n\t\t\t\t\t<div class=\"elementor-column elementor-col-33 elementor-top-column elementor-element elementor-element-cf58017\" data-id=\"cf58017\" data-element_type=\"column\" data-e-type=\"column\">\n\t\t\t<div class=\"elementor-widget-wrap\">\n\t\t\t\t\t\t\t<\/div>\n\t\t<\/div>\n\t\t\t\t<div class=\"elementor-column elementor-col-33 elementor-top-column elementor-element elementor-element-60a16fe\" data-id=\"60a16fe\" data-element_type=\"column\" data-e-type=\"column\">\n\t\t\t<div class=\"elementor-widget-wrap\">\n\t\t\t\t\t\t\t<\/div>\n\t\t<\/div>\n\t\t\t\t<div class=\"elementor-column elementor-col-33 elementor-top-column elementor-element elementor-element-9315db4\" data-id=\"9315db4\" data-element_type=\"column\" data-e-type=\"column\">\n\t\t\t<div class=\"elementor-widget-wrap\">\n\t\t\t\t\t\t\t<\/div>\n\t\t<\/div>\n\t\t\t\t\t<\/div>\n\t\t<\/section>\n\t\t\t\t<section class=\"elementor-section elementor-top-section elementor-element elementor-element-cffbece elementor-section-boxed elementor-section-height-default elementor-section-height-default wd-section-disabled\" data-id=\"cffbece\" data-element_type=\"section\" data-e-type=\"section\">\n\t\t\t\t\t\t<div class=\"elementor-container elementor-column-gap-default\">\n\t\t\t\t\t<div class=\"elementor-column elementor-col-33 elementor-top-column elementor-element elementor-element-6b4ae8b\" data-id=\"6b4ae8b\" data-element_type=\"column\" data-e-type=\"column\">\n\t\t\t<div class=\"elementor-widget-wrap elementor-element-populated\">\n\t\t\t\t\t\t<div class=\"elementor-element elementor-element-5d35834 elementor-widget elementor-widget-wd_text_block\" data-id=\"5d35834\" data-element_type=\"widget\" data-e-type=\"widget\" data-widget_type=\"wd_text_block.default\">\n\t\t\t\t<div class=\"elementor-widget-container\">\n\t\t\t\t\t\t\t<div class=\"wd-text-block reset-last-child text-left\">\n\t\t\t\n\t\t\t<h4>Beschreibung<\/h4>\r\nDie Goody Woody Brotaufbewahrung aus Holz ist die perfekte Wahl f\u00fcr alle, die Wert auf Sauberkeit und Frische des Brotes in ihrer K\u00fcche legen. Die Aufbewahrungseinheit kombiniert einen Platz zum Aufbewahren von Brot und ein praktisches Schneidebrett, das ein sauberes und einfaches Schneiden erm\u00f6glicht. Es ist aus hochwertigem, nachhaltigem Holz gefertigt, was eine langfristige Nutzung und ein nat\u00fcrliches Aussehen gew\u00e4hrleistet. Der Schiebedeckel sorgt f\u00fcr einfachen Zugriff und sch\u00fctzt gleichzeitig das Brot vor dem Austrocknen.\r\n\r\nHauptmerkmale:\r\n\r\nHergestellt aus nat\u00fcrlichem, nachhaltigem Holz\r\nIntegriertes Brotschneidebrett f\u00fcr sauberes Arbeiten\r\nSchiebedeckel zur einfachen Handhabung und zum Frischhalten des Brotes\r\nPraktisches und elegantes Design, das in jede K\u00fcche passt\r\nIdeal zur Aufbewahrung aller Arten von Brot und Backwaren\r\nAbmessungen: Zur Aufbewahrung von Standardbroten geeignet.\r\nWartung: Mit einem feuchten Tuch reinigen und an einem trockenen Ort aufbewahren.\r\n\r\nVerleihen Sie Ihrer K\u00fcche Eleganz und Funktionalit\u00e4t mit dem Goody Woody Brotkasten!\n\t\t\t\t\t<\/div>\n\t\t\t\t\t\t<\/div>\n\t\t\t\t<\/div>\n\t\t\t\t\t<\/div>\n\t\t<\/div>\n\t\t\t\t<div class=\"elementor-column elementor-col-33 elementor-top-column elementor-element elementor-element-50be839\" data-id=\"50be839\" data-element_type=\"column\" data-e-type=\"column\">\n\t\t\t<div class=\"elementor-widget-wrap elementor-element-populated\">\n\t\t\t\t\t\t<div class=\"elementor-element elementor-element-8c90571 elementor-widget elementor-widget-wd_text_block\" data-id=\"8c90571\" data-element_type=\"widget\" data-e-type=\"widget\" data-widget_type=\"wd_text_block.default\">\n\t\t\t\t<div class=\"elementor-widget-container\">\n\t\t\t\t\t\t\t<div class=\"wd-text-block reset-last-child text-left\">\n\t\t\t\n\t\t\t<h4>Ein Naturprodukt<\/h4><p>Bitte beachten Sie, dass alle unsere Artikel aus Naturmaterial bestehen und aufgrund nat\u00fcrlicher Ver\u00e4nderungen des Holzes in Gr\u00f6\u00dfe, Muster und Farbe leicht variieren k\u00f6nnen. Alle unsere Produkte sind absolut sicher und f\u00fcr den Kontakt mit Lebensmitteln geeignet.<\/p><p>Sch\u00fcsseln, Bretter und Zubeh\u00f6r aus Holz sind eine tolle Erg\u00e4nzung f\u00fcr die K\u00fcche. Holz ist von Natur aus antibakteriell, daher tr\u00e4gt die regelm\u00e4\u00dfige Reinigung und Desinfektion dieser Gegenst\u00e4nde dazu bei, die Menge an Bakterien zu kontrollieren, die sich auf dem Holz entwickeln k\u00f6nnen. Entgegen der landl\u00e4ufigen Meinung entzieht die por\u00f6se Oberfl\u00e4che von Holz Bakterien tats\u00e4chlich die W\u00e4rme und Feuchtigkeit, die sie zum \u00dcberleben ben\u00f6tigen, und die Bakterien sterben tats\u00e4chlich innerhalb von Sekunden an der Oberfl\u00e4che ab.<\/p>\n\t\t\t\t\t<\/div>\n\t\t\t\t\t\t<\/div>\n\t\t\t\t<\/div>\n\t\t\t\t\t<\/div>\n\t\t<\/div>\n\t\t\t\t<div class=\"elementor-column elementor-col-33 elementor-top-column elementor-element elementor-element-b8ddeb0\" data-id=\"b8ddeb0\" data-element_type=\"column\" data-e-type=\"column\">\n\t\t\t<div class=\"elementor-widget-wrap elementor-element-populated\">\n\t\t\t\t\t\t<div class=\"elementor-element elementor-element-ea5a97e elementor-widget elementor-widget-wd_text_block\" data-id=\"ea5a97e\" data-element_type=\"widget\" data-e-type=\"widget\" data-widget_type=\"wd_text_block.default\">\n\t\t\t\t<div class=\"elementor-widget-container\">\n\t\t\t\t\t\t\t<div class=\"wd-text-block reset-last-child text-center\">\n\t\t\t\n\t\t\t<h4>Zertifikate<\/h4>\n\t\t\t\t\t<\/div>\n\t\t\t\t\t\t<\/div>\n\t\t\t\t<\/div>\n\t\t\t\t<div class=\"elementor-element elementor-element-acca30d elementor-widget elementor-widget-image\" data-id=\"acca30d\" data-element_type=\"widget\" data-e-type=\"widget\" data-widget_type=\"image.default\">\n\t\t\t\t<div class=\"elementor-widget-container\">\n\t\t\t\t\t\t\t\t\t\t\t\t\t\t\t\t<a href=\"\">\n\t\t\t\t\t\t\t<img decoding=\"async\" width=\"150\" height=\"150\" src=\"https:\/\/goody-woody.com\/wp-content\/themes\/woodmart\/images\/lazy.png\" class=\"attachment-thumbnail size-thumbnail wp-image-14445 wd-lazy-load wd-lazy-fade\" alt=\"\" data-wood-src=\"https:\/\/goody-woody.com\/wp-content\/uploads\/2022\/07\/Forest_Stewardship_Council_Logo.svg-150x150.png\" srcset=\"\" \/>\t\t\t\t\t\t\t\t<\/a>\n\t\t\t\t\t\t\t\t\t\t\t\t\t\t\t<\/div>\n\t\t\t\t<\/div>\n\t\t\t\t<div class=\"elementor-element elementor-element-97f9831 elementor-widget elementor-widget-image\" data-id=\"97f9831\" data-element_type=\"widget\" data-e-type=\"widget\" data-widget_type=\"image.default\">\n\t\t\t\t<div class=\"elementor-widget-container\">\n\t\t\t\t\t\t\t\t\t\t\t\t\t\t\t\t<a href=\"\">\n\t\t\t\t\t\t\t<img decoding=\"async\" width=\"139\" height=\"75\" src=\"https:\/\/goody-woody.com\/wp-content\/themes\/woodmart\/images\/lazy.png\" class=\"attachment-medium size-medium wp-image-14495 wd-lazy-load wd-lazy-fade\" alt=\"\" data-wood-src=\"https:\/\/goody-woody.com\/wp-content\/uploads\/2022\/07\/Screenshot-2022-08-27-at-20.24.08.png\" srcset=\"\" \/>\t\t\t\t\t\t\t\t<\/a>\n\t\t\t\t\t\t\t\t\t\t\t\t\t\t\t<\/div>\n\t\t\t\t<\/div>\n\t\t\t\t\t<\/div>\n\t\t<\/div>\n\t\t\t\t\t<\/div>\n\t\t<\/section>\n\t\t\t\t<\/div>\n\t\t","protected":false},"excerpt":{"rendered":"<p>Der Brotst\u00e4nder mit Buchenholzbrett ist ein elegantes und funktionelles K\u00fcchenaccessoire. Buchenholz ist langlebig und verleiht ein nat\u00fcrliches Aussehen. Ein Schneidebrett auf der Oberseite erleichtert das Schneiden von Brot, w\u00e4hrend der Stauraum im Inneren des Futterautomaten das Brot frisch h\u00e4lt.<\/p>\n","protected":false},"featured_media":14789,"template":"","meta":[],"product_brand":[],"product_cat":[225],"product_tag":[304,318,322,310],"class_list":{"0":"post-15887","1":"product","2":"type-product","3":"status-publish","4":"has-post-thumbnail","6":"product_cat-brot","7":"product_tag-ambiente","8":"product_tag-brot","9":"product_tag-holz","10":"product_tag-home-de","11":"product_shipping_class-bis-zu-5-kg","13":"first","14":"instock","15":"taxable","16":"shipping-taxable","17":"purchasable","18":"product-type-simple"},"_links":{"self":[{"href":"https:\/\/goody-woody.com\/de\/wp-json\/wp\/v2\/product\/15887","targetHints":{"allow":["GET"]}}],"collection":[{"href":"https:\/\/goody-woody.com\/de\/wp-json\/wp\/v2\/product"}],"about":[{"href":"https:\/\/goody-woody.com\/de\/wp-json\/wp\/v2\/types\/product"}],"version-history":[{"count":3,"href":"https:\/\/goody-woody.com\/de\/wp-json\/wp\/v2\/product\/15887\/revisions"}],"predecessor-version":[{"id":15890,"href":"https:\/\/goody-woody.com\/de\/wp-json\/wp\/v2\/product\/15887\/revisions\/15890"}],"wp:featuredmedia":[{"embeddable":true,"href":"https:\/\/goody-woody.com\/de\/wp-json\/wp\/v2\/media\/14789"}],"wp:attachment":[{"href":"https:\/\/goody-woody.com\/de\/wp-json\/wp\/v2\/media?parent=15887"}],"wp:term":[{"taxonomy":"product_brand","embeddable":true,"href":"https:\/\/goody-woody.com\/de\/wp-json\/wp\/v2\/product_brand?post=15887"},{"taxonomy":"product_cat","embeddable":true,"href":"https:\/\/goody-woody.com\/de\/wp-json\/wp\/v2\/product_cat?post=15887"},{"taxonomy":"product_tag","embeddable":true,"href":"https:\/\/goody-woody.com\/de\/wp-json\/wp\/v2\/product_tag?post=15887"}],"curies":[{"name":"wp","href":"https:\/\/api.w.org\/{rel}","templated":true}]}}