{"id":15901,"date":"2022-07-05T15:30:46","date_gmt":"2022-07-05T15:30:46","guid":{"rendered":"https:\/\/goody-woody.com\/product\/teller-walnuss\/"},"modified":"2024-12-02T09:53:19","modified_gmt":"2024-12-02T09:53:19","slug":"teller-walnuss","status":"publish","type":"product","link":"https:\/\/goody-woody.com\/de\/produkt\/teller-walnuss\/","title":{"rendered":"Teller &#8211; Walnuss"},"content":{"rendered":"\t\t<div data-elementor-type=\"wp-post\" data-elementor-id=\"15901\" class=\"elementor elementor-15901 elementor-9193\" data-elementor-post-type=\"product\">\n\t\t\t\t\t\t<section class=\"elementor-section elementor-top-section elementor-element elementor-element-32c3c4a elementor-section-boxed elementor-section-height-default elementor-section-height-default wd-section-disabled\" data-id=\"32c3c4a\" data-element_type=\"section\" data-e-type=\"section\">\n\t\t\t\t\t\t<div class=\"elementor-container elementor-column-gap-default\">\n\t\t\t\t\t<div class=\"elementor-column elementor-col-33 elementor-top-column elementor-element elementor-element-b260058\" data-id=\"b260058\" data-element_type=\"column\" data-e-type=\"column\">\n\t\t\t<div class=\"elementor-widget-wrap\">\n\t\t\t\t\t\t\t<\/div>\n\t\t<\/div>\n\t\t\t\t<div class=\"elementor-column elementor-col-33 elementor-top-column elementor-element elementor-element-4b89500\" data-id=\"4b89500\" data-element_type=\"column\" data-e-type=\"column\">\n\t\t\t<div class=\"elementor-widget-wrap\">\n\t\t\t\t\t\t\t<\/div>\n\t\t<\/div>\n\t\t\t\t<div class=\"elementor-column elementor-col-33 elementor-top-column elementor-element elementor-element-ef42e04\" data-id=\"ef42e04\" data-element_type=\"column\" data-e-type=\"column\">\n\t\t\t<div class=\"elementor-widget-wrap\">\n\t\t\t\t\t\t\t<\/div>\n\t\t<\/div>\n\t\t\t\t\t<\/div>\n\t\t<\/section>\n\t\t\t\t<section class=\"elementor-section elementor-top-section elementor-element elementor-element-3e62e9f elementor-section-boxed elementor-section-height-default elementor-section-height-default wd-section-disabled\" data-id=\"3e62e9f\" data-element_type=\"section\" data-e-type=\"section\">\n\t\t\t\t\t\t<div class=\"elementor-container elementor-column-gap-default\">\n\t\t\t\t\t<div class=\"elementor-column elementor-col-33 elementor-top-column elementor-element elementor-element-7f24f1d\" data-id=\"7f24f1d\" data-element_type=\"column\" data-e-type=\"column\">\n\t\t\t<div class=\"elementor-widget-wrap elementor-element-populated\">\n\t\t\t\t\t\t<div class=\"elementor-element elementor-element-d6dc093 elementor-widget elementor-widget-wd_text_block\" data-id=\"d6dc093\" data-element_type=\"widget\" data-e-type=\"widget\" data-widget_type=\"wd_text_block.default\">\n\t\t\t\t<div class=\"elementor-widget-container\">\n\t\t\t\t\t\t\t<div class=\"wd-text-block reset-last-child text-left\">\n\t\t\t\n\t\t\t<h4>Tipps f\u00fcr ein l\u00e4ngeres Leben<\/h4>\r\nHandw\u00e4sche ist die beste Pflege f\u00fcr Ihren Holzteller. Lassen Sie sie niemals zu lange in Wasser einweichen, damit sie nicht platzen oder rei\u00dfen. Verwenden Sie zum Waschen der Oberfl\u00e4che warmes Wasser und milde Seife. Dadurch wird die Au\u00dfenseite gereinigt, ohne dass das Holz Witterungseinfl\u00fcssen ausgesetzt wird, die das Material zerst\u00f6ren w\u00fcrden. Geben Sie niemals Gegenst\u00e4nde aus Holz in die Sp\u00fclmaschine oder die Mikrowelle.\r\n\r\nGenauere Anleitungen finden Sie im Artikel \u2013 Tipps zur Pflege.\n\t\t\t\t\t<\/div>\n\t\t\t\t\t\t<\/div>\n\t\t\t\t<\/div>\n\t\t\t\t\t<\/div>\n\t\t<\/div>\n\t\t\t\t<div class=\"elementor-column elementor-col-33 elementor-top-column elementor-element elementor-element-ca17855\" data-id=\"ca17855\" data-element_type=\"column\" data-e-type=\"column\">\n\t\t\t<div class=\"elementor-widget-wrap elementor-element-populated\">\n\t\t\t\t\t\t<div class=\"elementor-element elementor-element-a88aa76 elementor-widget elementor-widget-wd_text_block\" data-id=\"a88aa76\" data-element_type=\"widget\" data-e-type=\"widget\" data-widget_type=\"wd_text_block.default\">\n\t\t\t\t<div class=\"elementor-widget-container\">\n\t\t\t\t\t\t\t<div class=\"wd-text-block reset-last-child text-left\">\n\t\t\t\n\t\t\t<h4>Ein Naturprodukt<\/h4>\r\nBitte beachten Sie, dass alle unsere Artikel aus Naturmaterial bestehen und aufgrund nat\u00fcrlicher Ver\u00e4nderungen des Holzes in Gr\u00f6\u00dfe, Muster und Farbe leicht variieren k\u00f6nnen. Alle unsere Produkte sind absolut sicher und f\u00fcr den Kontakt mit Lebensmitteln geeignet.\r\n\r\nSch\u00fcsseln, Bretter und Zubeh\u00f6r aus Holz sind eine tolle Erg\u00e4nzung f\u00fcr die K\u00fcche. Holz ist von Natur aus antibakteriell, daher tr\u00e4gt die regelm\u00e4\u00dfige Reinigung und Desinfektion dieser Gegenst\u00e4nde dazu bei, die Menge an Bakterien zu kontrollieren, die sich auf dem Holz entwickeln k\u00f6nnen. Entgegen der landl\u00e4ufigen Meinung entzieht die por\u00f6se Oberfl\u00e4che von Holz Bakterien tats\u00e4chlich die W\u00e4rme und Feuchtigkeit, die sie zum \u00dcberleben ben\u00f6tigen, und die Bakterien sterben tats\u00e4chlich innerhalb von Sekunden an der Oberfl\u00e4che ab.\r\n\r\nWir empfehlen Ihnen, Ihren Teller h\u00e4ufig, insbesondere nach dem Waschen, zu pflegen, indem Sie ein \u00d6l auftragen, das f\u00fcr den Kontakt mit Lebensmitteln geeignet ist.\n\t\t\t\t\t<\/div>\n\t\t\t\t\t\t<\/div>\n\t\t\t\t<\/div>\n\t\t\t\t\t<\/div>\n\t\t<\/div>\n\t\t\t\t<div class=\"elementor-column elementor-col-33 elementor-top-column elementor-element elementor-element-97e3c47\" data-id=\"97e3c47\" data-element_type=\"column\" data-e-type=\"column\">\n\t\t\t<div class=\"elementor-widget-wrap elementor-element-populated\">\n\t\t\t\t\t\t<div class=\"elementor-element elementor-element-c5ead0f elementor-widget elementor-widget-wd_text_block\" data-id=\"c5ead0f\" data-element_type=\"widget\" data-e-type=\"widget\" data-widget_type=\"wd_text_block.default\">\n\t\t\t\t<div class=\"elementor-widget-container\">\n\t\t\t\t\t\t\t<div class=\"wd-text-block reset-last-child text-center\">\n\t\t\t\n\t\t\t<h4>Zertifikate<\/h4>\n\t\t\t\t\t<\/div>\n\t\t\t\t\t\t<\/div>\n\t\t\t\t<\/div>\n\t\t\t\t<div class=\"elementor-element elementor-element-cb556ae elementor-widget elementor-widget-image\" data-id=\"cb556ae\" data-element_type=\"widget\" data-e-type=\"widget\" data-widget_type=\"image.default\">\n\t\t\t\t<div class=\"elementor-widget-container\">\n\t\t\t\t\t\t\t\t\t\t\t\t\t\t\t\t<a href=\"https:\/\/www.goody-woody.com\/certifikati\/gw_certifikat_FSCcertificate_002857_SiDG_Group_of_traders_v3.0.pdf\">\n\t\t\t\t\t\t\t<img decoding=\"async\" width=\"150\" height=\"150\" src=\"https:\/\/goody-woody.com\/wp-content\/themes\/woodmart\/images\/lazy.png\" class=\"attachment-thumbnail size-thumbnail wp-image-14445 wd-lazy-load wd-lazy-fade\" alt=\"\" data-wood-src=\"https:\/\/goody-woody.com\/wp-content\/uploads\/2022\/07\/Forest_Stewardship_Council_Logo.svg-150x150.png\" srcset=\"\" \/>\t\t\t\t\t\t\t\t<\/a>\n\t\t\t\t\t\t\t\t\t\t\t\t\t\t\t<\/div>\n\t\t\t\t<\/div>\n\t\t\t\t<div class=\"elementor-element elementor-element-82caaff elementor-widget elementor-widget-image\" data-id=\"82caaff\" data-element_type=\"widget\" data-e-type=\"widget\" data-widget_type=\"image.default\">\n\t\t\t\t<div class=\"elementor-widget-container\">\n\t\t\t\t\t\t\t\t\t\t\t\t\t\t\t\t<a href=\"https:\/\/www.goody-woody.com\/certifikati\/gw_certifikat_osmo.pdf\">\n\t\t\t\t\t\t\t<img decoding=\"async\" width=\"139\" height=\"75\" src=\"https:\/\/goody-woody.com\/wp-content\/themes\/woodmart\/images\/lazy.png\" class=\"attachment-medium size-medium wp-image-14495 wd-lazy-load wd-lazy-fade\" alt=\"\" data-wood-src=\"https:\/\/goody-woody.com\/wp-content\/uploads\/2022\/07\/Screenshot-2022-08-27-at-20.24.08.png\" srcset=\"\" \/>\t\t\t\t\t\t\t\t<\/a>\n\t\t\t\t\t\t\t\t\t\t\t\t\t\t\t<\/div>\n\t\t\t\t<\/div>\n\t\t\t\t\t<\/div>\n\t\t<\/div>\n\t\t\t\t\t<\/div>\n\t\t<\/section>\n\t\t\t\t<\/div>\n\t\t","protected":false},"excerpt":{"rendered":"<p>Tipps f\u00fcr ein l\u00e4ngeres Leben Handw\u00e4sche ist die beste Pflege f\u00fcr Ihren Holzteller. Lassen Sie sie niemals zu lange in<\/p>\n","protected":false},"featured_media":14417,"template":"","meta":[],"product_brand":[],"product_cat":[223],"product_tag":[324,292],"class_list":{"0":"post-15901","1":"product","2":"type-product","3":"status-publish","4":"has-post-thumbnail","6":"product_cat-teller","7":"product_tag-nussbaum","8":"product_tag-teller","9":"product_shipping_class-bis-500-g","11":"first","12":"instock","13":"taxable","14":"shipping-taxable","15":"purchasable","16":"product-type-simple"},"_links":{"self":[{"href":"https:\/\/goody-woody.com\/de\/wp-json\/wp\/v2\/product\/15901","targetHints":{"allow":["GET"]}}],"collection":[{"href":"https:\/\/goody-woody.com\/de\/wp-json\/wp\/v2\/product"}],"about":[{"href":"https:\/\/goody-woody.com\/de\/wp-json\/wp\/v2\/types\/product"}],"version-history":[{"count":1,"href":"https:\/\/goody-woody.com\/de\/wp-json\/wp\/v2\/product\/15901\/revisions"}],"predecessor-version":[{"id":15902,"href":"https:\/\/goody-woody.com\/de\/wp-json\/wp\/v2\/product\/15901\/revisions\/15902"}],"wp:featuredmedia":[{"embeddable":true,"href":"https:\/\/goody-woody.com\/de\/wp-json\/wp\/v2\/media\/14417"}],"wp:attachment":[{"href":"https:\/\/goody-woody.com\/de\/wp-json\/wp\/v2\/media?parent=15901"}],"wp:term":[{"taxonomy":"product_brand","embeddable":true,"href":"https:\/\/goody-woody.com\/de\/wp-json\/wp\/v2\/product_brand?post=15901"},{"taxonomy":"product_cat","embeddable":true,"href":"https:\/\/goody-woody.com\/de\/wp-json\/wp\/v2\/product_cat?post=15901"},{"taxonomy":"product_tag","embeddable":true,"href":"https:\/\/goody-woody.com\/de\/wp-json\/wp\/v2\/product_tag?post=15901"}],"curies":[{"name":"wp","href":"https:\/\/api.w.org\/{rel}","templated":true}]}}