{"id":15939,"date":"2024-04-23T11:48:42","date_gmt":"2024-04-23T11:48:42","guid":{"rendered":"https:\/\/goody-woody.com\/product\/brett-fisch\/"},"modified":"2026-03-01T17:33:46","modified_gmt":"2026-03-01T17:33:46","slug":"brett-fisch","status":"publish","type":"product","link":"https:\/\/goody-woody.com\/de\/produkt\/brett-fisch\/","title":{"rendered":"Brett FISCH"},"content":{"rendered":"\t\t<div data-elementor-type=\"wp-post\" data-elementor-id=\"15939\" class=\"elementor elementor-15939 elementor-12967\" data-elementor-post-type=\"product\">\n\t\t\t\t\t\t<section class=\"elementor-section elementor-top-section elementor-element elementor-element-751dde7 elementor-section-boxed elementor-section-height-default elementor-section-height-default wd-section-disabled\" data-id=\"751dde7\" data-element_type=\"section\" data-e-type=\"section\">\n\t\t\t\t\t\t<div class=\"elementor-container elementor-column-gap-default\">\n\t\t\t\t\t<div class=\"elementor-column elementor-col-33 elementor-top-column elementor-element elementor-element-a626820\" data-id=\"a626820\" data-element_type=\"column\" data-e-type=\"column\">\n\t\t\t<div class=\"elementor-widget-wrap\">\n\t\t\t\t\t\t\t<\/div>\n\t\t<\/div>\n\t\t\t\t<div class=\"elementor-column elementor-col-33 elementor-top-column elementor-element elementor-element-85892bf\" data-id=\"85892bf\" data-element_type=\"column\" data-e-type=\"column\">\n\t\t\t<div class=\"elementor-widget-wrap\">\n\t\t\t\t\t\t\t<\/div>\n\t\t<\/div>\n\t\t\t\t<div class=\"elementor-column elementor-col-33 elementor-top-column elementor-element elementor-element-1fbda18\" data-id=\"1fbda18\" data-element_type=\"column\" data-e-type=\"column\">\n\t\t\t<div class=\"elementor-widget-wrap\">\n\t\t\t\t\t\t\t<\/div>\n\t\t<\/div>\n\t\t\t\t\t<\/div>\n\t\t<\/section>\n\t\t\t\t<section class=\"elementor-section elementor-top-section elementor-element elementor-element-05c9928 elementor-section-boxed elementor-section-height-default elementor-section-height-default wd-section-disabled\" data-id=\"05c9928\" data-element_type=\"section\" data-e-type=\"section\">\n\t\t\t\t\t\t<div class=\"elementor-container elementor-column-gap-default\">\n\t\t\t\t\t<div class=\"elementor-column elementor-col-33 elementor-top-column elementor-element elementor-element-8b72b4c\" data-id=\"8b72b4c\" data-element_type=\"column\" data-e-type=\"column\">\n\t\t\t<div class=\"elementor-widget-wrap elementor-element-populated\">\n\t\t\t\t\t\t<div class=\"elementor-element elementor-element-c2e8005 elementor-widget elementor-widget-wd_text_block\" data-id=\"c2e8005\" data-element_type=\"widget\" data-e-type=\"widget\" data-widget_type=\"wd_text_block.default\">\n\t\t\t\t<div class=\"elementor-widget-container\">\n\t\t\t\t\t\t\t<div class=\"wd-text-block reset-last-child text-left\">\n\t\t\t\n\t\t\t<h4>Tipps f\u00fcr ein l\u00e4ngeres Leben<\/h4>\r\nUm Oberfl\u00e4chenflecken vorzubeugen und zu entfernen, wischen Sie die Oberfl\u00e4che sofort nach Gebrauch mit lauwarmem Wasser ab. Anschlie\u00dfend mit einem sauberen, trockenen Geschirrtuch abtrocknen. Wir tauchen Holzbretter niemals in Wasser. Wir verzichten auf scheuernde Reinigungsmittel. Wenn Sie Flecken entfernen m\u00f6chten, befeuchten Sie das Brett mit warmem Wasser und bestreuen Sie es mit grobem Salz und\/oder Backpulver. Alternativ k\u00f6nnen Sie eine Zitrone halbieren und vorsichtig auf dem Brett reiben, sodass die Zitrone ihren Saft abgibt. Lassen Sie es 5 Minuten einwirken und entfernen Sie den \u00dcberschuss mit einer Reinigungsb\u00fcrste.\r\n\r\nDie Pflege Ihres Boards h\u00e4ngt davon ab, wie Sie es verwenden. Der t\u00e4gliche Gebrauch und trockenes Klima erfordern eine h\u00e4ufigere Pflege. Wir empfehlen Ihnen, Ihr Brett h\u00e4ufig, insbesondere nach dem Waschen, mit einem Brett\u00f6l zu pflegen, das f\u00fcr den Kontakt mit Lebensmitteln geeignet ist.\n\t\t\t\t\t<\/div>\n\t\t\t\t\t\t<\/div>\n\t\t\t\t<\/div>\n\t\t\t\t\t<\/div>\n\t\t<\/div>\n\t\t\t\t<div class=\"elementor-column elementor-col-33 elementor-top-column elementor-element elementor-element-4e732e9\" data-id=\"4e732e9\" data-element_type=\"column\" data-e-type=\"column\">\n\t\t\t<div class=\"elementor-widget-wrap elementor-element-populated\">\n\t\t\t\t\t\t<div class=\"elementor-element elementor-element-74b985b elementor-widget elementor-widget-wd_text_block\" data-id=\"74b985b\" data-element_type=\"widget\" data-e-type=\"widget\" data-widget_type=\"wd_text_block.default\">\n\t\t\t\t<div class=\"elementor-widget-container\">\n\t\t\t\t\t\t\t<div class=\"wd-text-block reset-last-child text-left\">\n\t\t\t\n\t\t\t<h4>Ein Naturprodukt<\/h4>\r\nBitte beachten Sie, dass alle unsere Artikel aus Naturmaterial bestehen und aufgrund nat\u00fcrlicher Ver\u00e4nderungen des Holzes in Gr\u00f6\u00dfe, Muster und Farbe leicht variieren k\u00f6nnen. Alle unsere Produkte sind absolut sicher und f\u00fcr den Kontakt mit Lebensmitteln geeignet.\r\n\r\nSch\u00fcsseln, Bretter und Zubeh\u00f6r aus Holz sind eine tolle Erg\u00e4nzung f\u00fcr die K\u00fcche. Holz ist von Natur aus antibakteriell, daher tr\u00e4gt die regelm\u00e4\u00dfige Reinigung und Desinfektion dieser Gegenst\u00e4nde dazu bei, die Menge an Bakterien zu kontrollieren, die sich auf dem Holz entwickeln k\u00f6nnen. Entgegen der landl\u00e4ufigen Meinung entzieht die por\u00f6se Oberfl\u00e4che von Holz Bakterien tats\u00e4chlich die W\u00e4rme und Feuchtigkeit, die sie zum \u00dcberleben ben\u00f6tigen, und die Bakterien sterben tats\u00e4chlich innerhalb von Sekunden an der Oberfl\u00e4che ab.\r\n\r\nWir empfehlen Ihnen, Ihren Teller h\u00e4ufig, insbesondere nach dem Waschen, zu pflegen, indem Sie ein \u00d6l auftragen, das f\u00fcr den Kontakt mit Lebensmitteln geeignet ist.\n\t\t\t\t\t<\/div>\n\t\t\t\t\t\t<\/div>\n\t\t\t\t<\/div>\n\t\t\t\t\t<\/div>\n\t\t<\/div>\n\t\t\t\t<div class=\"elementor-column elementor-col-33 elementor-top-column elementor-element elementor-element-e39d2c4\" data-id=\"e39d2c4\" data-element_type=\"column\" data-e-type=\"column\">\n\t\t\t<div class=\"elementor-widget-wrap elementor-element-populated\">\n\t\t\t\t\t\t<div class=\"elementor-element elementor-element-b49f561 elementor-widget elementor-widget-wd_text_block\" data-id=\"b49f561\" data-element_type=\"widget\" data-e-type=\"widget\" data-widget_type=\"wd_text_block.default\">\n\t\t\t\t<div class=\"elementor-widget-container\">\n\t\t\t\t\t\t\t<div class=\"wd-text-block reset-last-child text-left\">\n\t\t\t\n\t\t\t<h4>Beschreibung<\/h4>\r\nEin Holzbrett in Fischform ist eine \u00e4sthetisch ansprechende und praktische L\u00f6sung zum Schneiden und Servieren von Speisen. Das aus hochwertigem Walnussholz gefertigte Brett hat die Ma\u00dfe 40 x 18 x 2 cm und bietet somit ausreichend Platz zum Schneiden verschiedener Lebensmittel.\r\n\r\nDie Form des Fisches verleiht Ihrem K\u00fcchenambiente und Service einen Hauch von Verspieltheit und Einzigartigkeit. Walnussholz ist bekannt f\u00fcr seine Langlebigkeit, sein attraktives Muster und seinen warmen Farbton, der dem Brett ein edles Aussehen verleiht.\r\n\r\nDas Holzbrett in Form eines Fisches ist multifunktional \u2013 Sie k\u00f6nnen es zum Schneiden von Zutaten beim Kochen oder zum eleganten und originellen Servieren von Speisen verwenden. Machen Sie dieses Brett zu einer unverzichtbaren Erg\u00e4nzung Ihrer K\u00fcche!\n\t\t\t\t\t<\/div>\n\t\t\t\t\t\t<\/div>\n\t\t\t\t<\/div>\n\t\t\t\t<div class=\"elementor-element elementor-element-589c380 elementor-widget elementor-widget-image\" data-id=\"589c380\" data-element_type=\"widget\" data-e-type=\"widget\" data-widget_type=\"image.default\">\n\t\t\t\t<div class=\"elementor-widget-container\">\n\t\t\t\t\t\t\t\t\t\t\t\t\t\t\t\t<a href=\"https:\/\/www.goody-woody.com\/certifikati\/gw_certifikat_osmo.pdf\">\n\t\t\t\t\t\t\t<img decoding=\"async\" width=\"139\" height=\"75\" src=\"https:\/\/goody-woody.com\/wp-content\/themes\/woodmart\/images\/lazy.png\" class=\"attachment-medium size-medium wp-image-14495 wd-lazy-load wd-lazy-fade\" alt=\"\" data-wood-src=\"https:\/\/goody-woody.com\/wp-content\/uploads\/2022\/07\/Screenshot-2022-08-27-at-20.24.08.png\" srcset=\"\" \/>\t\t\t\t\t\t\t\t<\/a>\n\t\t\t\t\t\t\t\t\t\t\t\t\t\t\t<\/div>\n\t\t\t\t<\/div>\n\t\t\t\t\t<\/div>\n\t\t<\/div>\n\t\t\t\t\t<\/div>\n\t\t<\/section>\n\t\t\t\t<\/div>\n\t\t","protected":false},"excerpt":{"rendered":"<p>Das fischf\u00f6rmige Schneide- und Servierbrett aus Walnussholz ist ein einzigartiges und \u00e4sthetisch ansprechendes K\u00fcchenger\u00e4t, das Ihre K\u00fcche mit Sicherheit versch\u00f6nern wird.<\/p>\n","protected":false},"featured_media":14901,"template":"","meta":[],"product_brand":[],"product_cat":[213,215,216],"product_tag":[290],"class_list":{"0":"post-15939","1":"product","2":"type-product","3":"status-publish","4":"has-post-thumbnail","6":"product_cat-bretter","7":"product_cat-schneidebretter","8":"product_cat-servierbretter","9":"product_tag-bretter","10":"product_shipping_class-bis-2kg","12":"first","13":"instock","14":"taxable","15":"shipping-taxable","16":"purchasable","17":"product-type-simple"},"_links":{"self":[{"href":"https:\/\/goody-woody.com\/de\/wp-json\/wp\/v2\/product\/15939","targetHints":{"allow":["GET"]}}],"collection":[{"href":"https:\/\/goody-woody.com\/de\/wp-json\/wp\/v2\/product"}],"about":[{"href":"https:\/\/goody-woody.com\/de\/wp-json\/wp\/v2\/types\/product"}],"version-history":[{"count":1,"href":"https:\/\/goody-woody.com\/de\/wp-json\/wp\/v2\/product\/15939\/revisions"}],"predecessor-version":[{"id":15940,"href":"https:\/\/goody-woody.com\/de\/wp-json\/wp\/v2\/product\/15939\/revisions\/15940"}],"wp:featuredmedia":[{"embeddable":true,"href":"https:\/\/goody-woody.com\/de\/wp-json\/wp\/v2\/media\/14901"}],"wp:attachment":[{"href":"https:\/\/goody-woody.com\/de\/wp-json\/wp\/v2\/media?parent=15939"}],"wp:term":[{"taxonomy":"product_brand","embeddable":true,"href":"https:\/\/goody-woody.com\/de\/wp-json\/wp\/v2\/product_brand?post=15939"},{"taxonomy":"product_cat","embeddable":true,"href":"https:\/\/goody-woody.com\/de\/wp-json\/wp\/v2\/product_cat?post=15939"},{"taxonomy":"product_tag","embeddable":true,"href":"https:\/\/goody-woody.com\/de\/wp-json\/wp\/v2\/product_tag?post=15939"}],"curies":[{"name":"wp","href":"https:\/\/api.w.org\/{rel}","templated":true}]}}