{"id":16059,"date":"2022-07-12T13:47:48","date_gmt":"2022-07-12T13:47:48","guid":{"rendered":"https:\/\/goody-woody.com\/product\/servierwagen-nordic-1200\/"},"modified":"2024-12-03T10:00:53","modified_gmt":"2024-12-03T10:00:53","slug":"servierwagen-nordic-1200","status":"publish","type":"product","link":"https:\/\/goody-woody.com\/de\/produkt\/servierwagen-nordic-1200\/","title":{"rendered":"Servierwagen Nordic 1200"},"content":{"rendered":"\t\t<div data-elementor-type=\"wp-post\" data-elementor-id=\"16059\" class=\"elementor elementor-16059 elementor-9266\" data-elementor-post-type=\"product\">\n\t\t\t\t\t\t<section class=\"elementor-section elementor-top-section elementor-element elementor-element-0698744 elementor-section-boxed elementor-section-height-default elementor-section-height-default wd-section-disabled\" data-id=\"0698744\" data-element_type=\"section\" data-e-type=\"section\">\n\t\t\t\t\t\t<div class=\"elementor-container elementor-column-gap-default\">\n\t\t\t\t\t<div class=\"elementor-column elementor-col-100 elementor-top-column elementor-element elementor-element-740d21c\" data-id=\"740d21c\" data-element_type=\"column\" data-e-type=\"column\">\n\t\t\t<div class=\"elementor-widget-wrap elementor-element-populated\">\n\t\t\t\t\t\t<div class=\"elementor-element elementor-element-a7adb07 elementor-widget elementor-widget-wd_text_block\" data-id=\"a7adb07\" data-element_type=\"widget\" data-e-type=\"widget\" data-widget_type=\"wd_text_block.default\">\n\t\t\t\t<div class=\"elementor-widget-container\">\n\t\t\t\t\t\t\t<div class=\"wd-text-block reset-last-child text-left\">\n\t\t\t\n\t\t\t<h5>Servierwagen unterliegen keiner Massenproduktion, daher sind die Lagerbest\u00e4nde kleiner und begrenzt. F\u00fcr Bestellung oder Verf\u00fcgbarkeit senden Sie bitte eine Anfrage.<\/h5>\r\n<h5>Weidenk\u00f6rbe sind ein Zusatzangebot.<\/h5>\n\t\t\t\t\t<\/div>\n\t\t\t\t\t\t<\/div>\n\t\t\t\t<\/div>\n\t\t\t\t\t<\/div>\n\t\t<\/div>\n\t\t\t\t\t<\/div>\n\t\t<\/section>\n\t\t\t\t<section class=\"elementor-section elementor-top-section elementor-element elementor-element-16a4777 elementor-section-boxed elementor-section-height-default elementor-section-height-default wd-section-disabled\" data-id=\"16a4777\" data-element_type=\"section\" data-e-type=\"section\">\n\t\t\t\t\t\t<div class=\"elementor-container elementor-column-gap-default\">\n\t\t\t\t\t<div class=\"elementor-column elementor-col-33 elementor-top-column elementor-element elementor-element-e7d8cd1\" data-id=\"e7d8cd1\" data-element_type=\"column\" data-e-type=\"column\">\n\t\t\t<div class=\"elementor-widget-wrap\">\n\t\t\t\t\t\t\t<\/div>\n\t\t<\/div>\n\t\t\t\t<div class=\"elementor-column elementor-col-33 elementor-top-column elementor-element elementor-element-261810e\" data-id=\"261810e\" data-element_type=\"column\" data-e-type=\"column\">\n\t\t\t<div class=\"elementor-widget-wrap\">\n\t\t\t\t\t\t\t<\/div>\n\t\t<\/div>\n\t\t\t\t<div class=\"elementor-column elementor-col-33 elementor-top-column elementor-element elementor-element-df2186b\" data-id=\"df2186b\" data-element_type=\"column\" data-e-type=\"column\">\n\t\t\t<div class=\"elementor-widget-wrap\">\n\t\t\t\t\t\t\t<\/div>\n\t\t<\/div>\n\t\t\t\t\t<\/div>\n\t\t<\/section>\n\t\t\t\t<section class=\"elementor-section elementor-top-section elementor-element elementor-element-5b6ea80 elementor-section-boxed elementor-section-height-default elementor-section-height-default wd-section-disabled\" data-id=\"5b6ea80\" data-element_type=\"section\" data-e-type=\"section\">\n\t\t\t\t\t\t<div class=\"elementor-container elementor-column-gap-default\">\n\t\t\t\t\t<div class=\"elementor-column elementor-col-33 elementor-top-column elementor-element elementor-element-a0510d9\" data-id=\"a0510d9\" data-element_type=\"column\" data-e-type=\"column\">\n\t\t\t<div class=\"elementor-widget-wrap elementor-element-populated\">\n\t\t\t\t\t\t<div class=\"elementor-element elementor-element-583be69 elementor-widget elementor-widget-wd_text_block\" data-id=\"583be69\" data-element_type=\"widget\" data-e-type=\"widget\" data-widget_type=\"wd_text_block.default\">\n\t\t\t\t<div class=\"elementor-widget-container\">\n\t\t\t\t\t\t\t<div class=\"wd-text-block reset-last-child text-left\">\n\t\t\t\n\t\t\t<h4>Tipps zur Pflege<\/h4>\r\nSie haben Ihrem Zuhause ein St\u00fcck Natur geschenkt. Um der Natur zu danken und Ihren Kinderwagen lange in ausgezeichnetem Zustand zu halten, nehmen Sie sich die Zeit, die Gebrauchs- und Wartungsanleitung sorgf\u00e4ltig zu lesen.\r\n\r\nNicht in der N\u00e4he eines Heizk\u00f6rpers oder offener Flamme lagern oder verwenden. Setzen Sie es au\u00dferdem keiner direkten Sonneneinstrahlung oder anderen W\u00e4rmequellen aus.\r\n\r\nEs handelt sich um ein Naturprodukt: Bitte beachten Sie, dass alle unsere fertigen Produkte naturbelassen sind und aufgrund nat\u00fcrlicher Ver\u00e4nderungen im Holz geringf\u00fcgig in Gr\u00f6\u00dfe, Muster und Farbe variieren k\u00f6nnen. Alle unsere\r\n\r\nProdukte sind bei Kontakt mit Lebensmitteln absolut sicher.\n\t\t\t\t\t<\/div>\n\t\t\t\t\t\t<\/div>\n\t\t\t\t<\/div>\n\t\t\t\t<div class=\"elementor-element elementor-element-b2639f2 elementor-widget elementor-widget-wd_button\" data-id=\"b2639f2\" data-element_type=\"widget\" data-e-type=\"widget\" data-widget_type=\"wd_button.default\">\n\t\t\t\t<div class=\"elementor-widget-container\">\n\t\t\t\t\t\t\t<div class=\"wd-button-wrapper text-center\" >\n\t\t\t<a class=\"btn btn-style-default btn-style-rectangle btn-size-default btn-color-default btn-icon-pos-right\"  href=\"https:\/\/goody-woody.com\/de\/pflegetipps-fuer-servierwagen\/\">\n\t\t\t\t<span class=\"wd-btn-text\" data-elementor-setting-key=\"text\">\n\t\t\t\t\tWeitere Informationen\t\t\t\t<\/span>\n\n\t\t\t\t\t\t\t<\/a>\n\t\t<\/div>\n\t\t\t\t\t\t<\/div>\n\t\t\t\t<\/div>\n\t\t\t\t\t<\/div>\n\t\t<\/div>\n\t\t\t\t<div class=\"elementor-column elementor-col-33 elementor-top-column elementor-element elementor-element-e254bfe\" data-id=\"e254bfe\" data-element_type=\"column\" data-e-type=\"column\">\n\t\t\t<div class=\"elementor-widget-wrap elementor-element-populated\">\n\t\t\t\t\t\t<div class=\"elementor-element elementor-element-880bc64 elementor-widget elementor-widget-wd_text_block\" data-id=\"880bc64\" data-element_type=\"widget\" data-e-type=\"widget\" data-widget_type=\"wd_text_block.default\">\n\t\t\t\t<div class=\"elementor-widget-container\">\n\t\t\t\t\t\t\t<div class=\"wd-text-block reset-last-child text-left\">\n\t\t\t\n\t\t\t<h4>Ein Naturprodukt<\/h4>\r\nDie Holzkiste sorgt f\u00fcr Qualit\u00e4t und Stabilit\u00e4t. Kinderwagen gibt es in verschiedenen Gr\u00f6\u00dfen, Gewichten und Ausf\u00fchrungen. Gerade deshalb sind sie f\u00fcr unterschiedliche Benutzer gedacht. Jedes verf\u00fcgt \u00fcber ein Regal, eine Schublade und R\u00e4der mit Bremsen, die den Wagen genau dort stabil halten, wo Sie ihn brauchen.\r\n\r\nWie andere Naturmaterialien hat auch Holz seine Besonderheiten. Sein Aussehen, seine Farbe und seine Struktur werden von unseren Meistern sorgf\u00e4ltig zu Produkten kombiniert, von denen jedes seine eigene \u00e4sthetische Besonderheit aufweist, die unseren Produkten einen einzigartigen Wert verleiht.\r\n\r\nHandgeflochtene K\u00f6rbe geh\u00f6ren zum Zusatzangebot.\r\n\r\nHIER besteht die M\u00f6glichkeit, die gew\u00fcnschte Anzahl an K\u00f6rben hinzuzuf\u00fcgen.\n\t\t\t\t\t<\/div>\n\t\t\t\t\t\t<\/div>\n\t\t\t\t<\/div>\n\t\t\t\t\t<\/div>\n\t\t<\/div>\n\t\t\t\t<div class=\"elementor-column elementor-col-33 elementor-top-column elementor-element elementor-element-8d5d85d\" data-id=\"8d5d85d\" data-element_type=\"column\" data-e-type=\"column\">\n\t\t\t<div class=\"elementor-widget-wrap elementor-element-populated\">\n\t\t\t\t\t\t<div class=\"elementor-element elementor-element-91e48cc elementor-widget elementor-widget-wd_text_block\" data-id=\"91e48cc\" data-element_type=\"widget\" data-e-type=\"widget\" data-widget_type=\"wd_text_block.default\">\n\t\t\t\t<div class=\"elementor-widget-container\">\n\t\t\t\t\t\t\t<div class=\"wd-text-block reset-last-child text-center\">\n\t\t\t\n\t\t\t<h4>Zertifikate<\/h4>\n\t\t\t\t\t<\/div>\n\t\t\t\t\t\t<\/div>\n\t\t\t\t<\/div>\n\t\t\t\t<div class=\"elementor-element elementor-element-b16bd3e elementor-widget elementor-widget-image\" data-id=\"b16bd3e\" data-element_type=\"widget\" data-e-type=\"widget\" data-widget_type=\"image.default\">\n\t\t\t\t<div class=\"elementor-widget-container\">\n\t\t\t\t\t\t\t\t\t\t\t\t\t\t\t\t<a href=\"https:\/\/www.goody-woody.com\/certifikati\/gw_certifikat_FSCcertificate_002857_SiDG_Group_of_traders_v3.0.pdf\">\n\t\t\t\t\t\t\t<img decoding=\"async\" width=\"150\" height=\"150\" src=\"https:\/\/goody-woody.com\/wp-content\/themes\/woodmart\/images\/lazy.png\" class=\"attachment-thumbnail size-thumbnail wp-image-14445 wd-lazy-load wd-lazy-fade\" alt=\"\" data-wood-src=\"https:\/\/goody-woody.com\/wp-content\/uploads\/2022\/07\/Forest_Stewardship_Council_Logo.svg-150x150.png\" srcset=\"\" \/>\t\t\t\t\t\t\t\t<\/a>\n\t\t\t\t\t\t\t\t\t\t\t\t\t\t\t<\/div>\n\t\t\t\t<\/div>\n\t\t\t\t<div class=\"elementor-element elementor-element-7aeac8b elementor-widget elementor-widget-image\" data-id=\"7aeac8b\" data-element_type=\"widget\" data-e-type=\"widget\" data-widget_type=\"image.default\">\n\t\t\t\t<div class=\"elementor-widget-container\">\n\t\t\t\t\t\t\t\t\t\t\t\t\t\t\t\t<a href=\"https:\/\/www.goody-woody.com\/certifikati\/gw_certifikat_Helios_bioimpregnol_prosa_si.pdf\">\n\t\t\t\t\t\t\t<img decoding=\"async\" width=\"134\" height=\"130\" src=\"https:\/\/goody-woody.com\/wp-content\/themes\/woodmart\/images\/lazy.png\" class=\"attachment-medium size-medium wp-image-14497 wd-lazy-load wd-lazy-fade\" alt=\"\" data-wood-src=\"https:\/\/goody-woody.com\/wp-content\/uploads\/2022\/07\/HeliosCertifikat.png\" srcset=\"\" \/>\t\t\t\t\t\t\t\t<\/a>\n\t\t\t\t\t\t\t\t\t\t\t\t\t\t\t<\/div>\n\t\t\t\t<\/div>\n\t\t\t\t\t<\/div>\n\t\t<\/div>\n\t\t\t\t\t<\/div>\n\t\t<\/section>\n\t\t\t\t<\/div>\n\t\t","protected":false},"excerpt":{"rendered":"<p>Servierwagen unterliegen keiner Massenproduktion, daher sind die Lagerbest\u00e4nde kleiner und begrenzt. F\u00fcr Bestellung oder Verf\u00fcgbarkeit senden Sie bitte eine Anfrage.<\/p>\n","protected":false},"featured_media":14455,"template":"","meta":[],"product_brand":[],"product_cat":[233],"product_tag":[332],"class_list":{"0":"post-16059","1":"product","2":"type-product","3":"status-publish","4":"has-post-thumbnail","6":"product_cat-servierwagen","7":"product_tag-servierwagen","9":"first","10":"onbackorder","11":"taxable","12":"shipping-taxable","13":"purchasable","14":"product-type-simple"},"_links":{"self":[{"href":"https:\/\/goody-woody.com\/de\/wp-json\/wp\/v2\/product\/16059","targetHints":{"allow":["GET"]}}],"collection":[{"href":"https:\/\/goody-woody.com\/de\/wp-json\/wp\/v2\/product"}],"about":[{"href":"https:\/\/goody-woody.com\/de\/wp-json\/wp\/v2\/types\/product"}],"version-history":[{"count":1,"href":"https:\/\/goody-woody.com\/de\/wp-json\/wp\/v2\/product\/16059\/revisions"}],"predecessor-version":[{"id":16060,"href":"https:\/\/goody-woody.com\/de\/wp-json\/wp\/v2\/product\/16059\/revisions\/16060"}],"wp:featuredmedia":[{"embeddable":true,"href":"https:\/\/goody-woody.com\/de\/wp-json\/wp\/v2\/media\/14455"}],"wp:attachment":[{"href":"https:\/\/goody-woody.com\/de\/wp-json\/wp\/v2\/media?parent=16059"}],"wp:term":[{"taxonomy":"product_brand","embeddable":true,"href":"https:\/\/goody-woody.com\/de\/wp-json\/wp\/v2\/product_brand?post=16059"},{"taxonomy":"product_cat","embeddable":true,"href":"https:\/\/goody-woody.com\/de\/wp-json\/wp\/v2\/product_cat?post=16059"},{"taxonomy":"product_tag","embeddable":true,"href":"https:\/\/goody-woody.com\/de\/wp-json\/wp\/v2\/product_tag?post=16059"}],"curies":[{"name":"wp","href":"https:\/\/api.w.org\/{rel}","templated":true}]}}