{"id":16123,"date":"2024-01-05T13:36:50","date_gmt":"2024-01-05T13:36:50","guid":{"rendered":"https:\/\/goody-woody.com\/product\/weidenkorb-gross\/"},"modified":"2024-12-03T12:14:56","modified_gmt":"2024-12-03T12:14:56","slug":"weidenkorb-gross","status":"publish","type":"product","link":"https:\/\/goody-woody.com\/de\/produkt\/weidenkorb-gross\/","title":{"rendered":"Weidenkorb &#8211; gro\u00df"},"content":{"rendered":"\t\t<div data-elementor-type=\"wp-post\" data-elementor-id=\"16123\" class=\"elementor elementor-16123 elementor-11616\" data-elementor-post-type=\"product\">\n\t\t\t\t\t\t<section class=\"elementor-section elementor-top-section elementor-element elementor-element-235c261 elementor-section-boxed elementor-section-height-default elementor-section-height-default wd-section-disabled\" data-id=\"235c261\" data-element_type=\"section\" data-e-type=\"section\">\n\t\t\t\t\t\t<div class=\"elementor-container elementor-column-gap-default\">\n\t\t\t\t\t<div class=\"elementor-column elementor-col-33 elementor-top-column elementor-element elementor-element-7113d4b\" data-id=\"7113d4b\" data-element_type=\"column\" data-e-type=\"column\">\n\t\t\t<div class=\"elementor-widget-wrap elementor-element-populated\">\n\t\t\t\t\t\t<div class=\"elementor-element elementor-element-54792bf elementor-widget elementor-widget-wd_text_block\" data-id=\"54792bf\" data-element_type=\"widget\" data-e-type=\"widget\" data-widget_type=\"wd_text_block.default\">\n\t\t\t\t<div class=\"elementor-widget-container\">\n\t\t\t\t\t\t\t<div class=\"wd-text-block reset-last-child text-left\">\n\t\t\t\n\t\t\t\n\t\t\t\t\t<\/div>\n\t\t\t\t\t\t<\/div>\n\t\t\t\t<\/div>\n\t\t\t\t\t<\/div>\n\t\t<\/div>\n\t\t\t\t<div class=\"elementor-column elementor-col-33 elementor-top-column elementor-element elementor-element-aae609e\" data-id=\"aae609e\" data-element_type=\"column\" data-e-type=\"column\">\n\t\t\t<div class=\"elementor-widget-wrap elementor-element-populated\">\n\t\t\t\t\t\t<div class=\"elementor-element elementor-element-93e8e41 elementor-widget elementor-widget-wd_text_block\" data-id=\"93e8e41\" data-element_type=\"widget\" data-e-type=\"widget\" data-widget_type=\"wd_text_block.default\">\n\t\t\t\t<div class=\"elementor-widget-container\">\n\t\t\t\t\t\t\t<div class=\"wd-text-block reset-last-child text-left\">\n\t\t\t\n\t\t\t<h4>Ein Naturprodukt<\/h4>\r\nWeidenk\u00f6rbe sind als wunderbare Erg\u00e4nzung zu Ihren h\u00f6lzernen Servierwagen nicht nur eine praktische Aufbewahrungsm\u00f6glichkeit, sondern auch eine elegante und funktionale M\u00f6glichkeit, K\u00fcchenutensilien beim Kochen zu organisieren.\r\n\r\nDiese Kombination aus nat\u00fcrlichen Materialien verleiht Ihrem Raum einen Hauch von rustikalem Charme und Gem\u00fctlichkeit und erm\u00f6glicht die praktische Aufbewahrung von allem, was Sie beim Kochen ben\u00f6tigen.\n\t\t\t\t\t<\/div>\n\t\t\t\t\t\t<\/div>\n\t\t\t\t<\/div>\n\t\t\t\t\t<\/div>\n\t\t<\/div>\n\t\t\t\t<div class=\"elementor-column elementor-col-33 elementor-top-column elementor-element elementor-element-aae065d\" data-id=\"aae065d\" data-element_type=\"column\" data-e-type=\"column\">\n\t\t\t<div class=\"elementor-widget-wrap elementor-element-populated\">\n\t\t\t\t\t\t<div class=\"elementor-element elementor-element-6ec07d2 elementor-widget elementor-widget-wd_text_block\" data-id=\"6ec07d2\" data-element_type=\"widget\" data-e-type=\"widget\" data-widget_type=\"wd_text_block.default\">\n\t\t\t\t<div class=\"elementor-widget-container\">\n\t\t\t\t\t\t\t<div class=\"wd-text-block reset-last-child text-left\">\n\t\t\t\n\t\t\t\n\t\t\t\t\t<\/div>\n\t\t\t\t\t\t<\/div>\n\t\t\t\t<\/div>\n\t\t\t\t\t<\/div>\n\t\t<\/div>\n\t\t\t\t\t<\/div>\n\t\t<\/section>\n\t\t\t\t<\/div>\n\t\t","protected":false},"excerpt":{"rendered":"<p>Ein Weidenkorb ist eine tolle Erg\u00e4nzung zu Servierwagen aus Holz, die nicht nur das optische Erscheinungsbild erg\u00e4nzt, sondern auch die Funktionalit\u00e4t und Praktikabilit\u00e4t erh\u00f6ht. Diese Kombination aus nat\u00fcrlichen Materialien \u2013 Holz und Korbgeflecht \u2013 verleiht Ihrem Raum rustikale Eleganz und verleiht Ihrem Servierbereich oder Ihrer K\u00fcche Eleganz.<\/p>\n","protected":false},"featured_media":14593,"template":"","meta":[],"product_brand":[],"product_cat":[233],"product_tag":[332],"class_list":{"0":"post-16123","1":"product","2":"type-product","3":"status-publish","4":"has-post-thumbnail","6":"product_cat-servierwagen","7":"product_tag-servierwagen","9":"first","10":"onbackorder","11":"taxable","12":"shipping-taxable","13":"purchasable","14":"product-type-simple"},"_links":{"self":[{"href":"https:\/\/goody-woody.com\/de\/wp-json\/wp\/v2\/product\/16123","targetHints":{"allow":["GET"]}}],"collection":[{"href":"https:\/\/goody-woody.com\/de\/wp-json\/wp\/v2\/product"}],"about":[{"href":"https:\/\/goody-woody.com\/de\/wp-json\/wp\/v2\/types\/product"}],"version-history":[{"count":1,"href":"https:\/\/goody-woody.com\/de\/wp-json\/wp\/v2\/product\/16123\/revisions"}],"predecessor-version":[{"id":16124,"href":"https:\/\/goody-woody.com\/de\/wp-json\/wp\/v2\/product\/16123\/revisions\/16124"}],"wp:featuredmedia":[{"embeddable":true,"href":"https:\/\/goody-woody.com\/de\/wp-json\/wp\/v2\/media\/14593"}],"wp:attachment":[{"href":"https:\/\/goody-woody.com\/de\/wp-json\/wp\/v2\/media?parent=16123"}],"wp:term":[{"taxonomy":"product_brand","embeddable":true,"href":"https:\/\/goody-woody.com\/de\/wp-json\/wp\/v2\/product_brand?post=16123"},{"taxonomy":"product_cat","embeddable":true,"href":"https:\/\/goody-woody.com\/de\/wp-json\/wp\/v2\/product_cat?post=16123"},{"taxonomy":"product_tag","embeddable":true,"href":"https:\/\/goody-woody.com\/de\/wp-json\/wp\/v2\/product_tag?post=16123"}],"curies":[{"name":"wp","href":"https:\/\/api.w.org\/{rel}","templated":true}]}}