{"id":16167,"date":"2024-03-02T12:13:15","date_gmt":"2024-03-02T12:13:15","guid":{"rendered":"https:\/\/goody-woody.com\/product\/golida-thymian-fuer-die-sauna-35l\/"},"modified":"2024-12-03T12:59:04","modified_gmt":"2024-12-03T12:59:04","slug":"golida-thymian-fuer-die-sauna-35l","status":"publish","type":"product","link":"https:\/\/goody-woody.com\/de\/produkt\/golida-thymian-fuer-die-sauna-35l\/","title":{"rendered":"Golida &#8211; Thymian f\u00fcr die Sauna, 3,5l"},"content":{"rendered":"\t\t<div data-elementor-type=\"wp-post\" data-elementor-id=\"16167\" class=\"elementor elementor-16167 elementor-12681\" data-elementor-post-type=\"product\">\n\t\t\t\t\t\t<section class=\"elementor-section elementor-top-section elementor-element elementor-element-0f3c11d elementor-section-boxed elementor-section-height-default elementor-section-height-default wd-section-disabled\" data-id=\"0f3c11d\" data-element_type=\"section\" data-e-type=\"section\">\n\t\t\t\t\t\t<div class=\"elementor-container elementor-column-gap-default\">\n\t\t\t\t\t<div class=\"elementor-column elementor-col-33 elementor-top-column elementor-element elementor-element-cf58017\" data-id=\"cf58017\" data-element_type=\"column\" data-e-type=\"column\">\n\t\t\t<div class=\"elementor-widget-wrap\">\n\t\t\t\t\t\t\t<\/div>\n\t\t<\/div>\n\t\t\t\t<div class=\"elementor-column elementor-col-33 elementor-top-column elementor-element elementor-element-60a16fe\" data-id=\"60a16fe\" data-element_type=\"column\" data-e-type=\"column\">\n\t\t\t<div class=\"elementor-widget-wrap\">\n\t\t\t\t\t\t\t<\/div>\n\t\t<\/div>\n\t\t\t\t<div class=\"elementor-column elementor-col-33 elementor-top-column elementor-element elementor-element-9315db4\" data-id=\"9315db4\" data-element_type=\"column\" data-e-type=\"column\">\n\t\t\t<div class=\"elementor-widget-wrap\">\n\t\t\t\t\t\t\t<\/div>\n\t\t<\/div>\n\t\t\t\t\t<\/div>\n\t\t<\/section>\n\t\t\t\t<section class=\"elementor-section elementor-top-section elementor-element elementor-element-cffbece elementor-section-boxed elementor-section-height-default elementor-section-height-default wd-section-disabled\" data-id=\"cffbece\" data-element_type=\"section\" data-e-type=\"section\">\n\t\t\t\t\t\t<div class=\"elementor-container elementor-column-gap-default\">\n\t\t\t\t\t<div class=\"elementor-column elementor-col-33 elementor-top-column elementor-element elementor-element-6b4ae8b\" data-id=\"6b4ae8b\" data-element_type=\"column\" data-e-type=\"column\">\n\t\t\t<div class=\"elementor-widget-wrap elementor-element-populated\">\n\t\t\t\t\t\t<div class=\"elementor-element elementor-element-5d35834 elementor-widget elementor-widget-wd_text_block\" data-id=\"5d35834\" data-element_type=\"widget\" data-e-type=\"widget\" data-widget_type=\"wd_text_block.default\">\n\t\t\t\t<div class=\"elementor-widget-container\">\n\t\t\t\t\t\t\t<div class=\"wd-text-block reset-last-child text-left\">\n\t\t\t\n\t\t\t<h4>Beschreibung<\/h4>\r\nDie h\u00f6lzerne Saunabank ist ein praktisches und \u00e4sthetisches Accessoire, das Ihre Sauna mit nat\u00fcrlichem Charme und Funktionalit\u00e4t bereichert. Mit seiner Langlebigkeit und seinem attraktiven Aussehen wird es mit Sicherheit zu einem unverzichtbaren Bestandteil Ihres Saunaerlebnisses.\r\n\r\nMit ihrem ger\u00e4umigen Volumen von 3,5 Litern ist die Chrysantheme gro\u00df genug, um eine ausreichende Menge Wasser oder L\u00f6sung f\u00fcr den Saunagang aufzunehmen. Die handgefertigte und sorgf\u00e4ltig gestaltete Sch\u00fcssel sorgt f\u00fcr Langlebigkeit und Qualit\u00e4t.\r\n\r\nDie nat\u00fcrliche Farbe und Textur des Lindenholzes verleihen Ihrer Sauna Eleganz und W\u00e4rme und schaffen gleichzeitig eine entspannende Atmosph\u00e4re. Dar\u00fcber hinaus ist Lindenholz f\u00fcr seinen angenehmen Geruch bekannt, der das Saunavergn\u00fcgen zus\u00e4tzlich steigert.\n\t\t\t\t\t<\/div>\n\t\t\t\t\t\t<\/div>\n\t\t\t\t<\/div>\n\t\t\t\t\t<\/div>\n\t\t<\/div>\n\t\t\t\t<div class=\"elementor-column elementor-col-33 elementor-top-column elementor-element elementor-element-50be839\" data-id=\"50be839\" data-element_type=\"column\" data-e-type=\"column\">\n\t\t\t<div class=\"elementor-widget-wrap elementor-element-populated\">\n\t\t\t\t\t\t<div class=\"elementor-element elementor-element-8c90571 elementor-widget elementor-widget-wd_text_block\" data-id=\"8c90571\" data-element_type=\"widget\" data-e-type=\"widget\" data-widget_type=\"wd_text_block.default\">\n\t\t\t\t<div class=\"elementor-widget-container\">\n\t\t\t\t\t\t\t<div class=\"wd-text-block reset-last-child text-left\">\n\t\t\t\n\t\t\t<h4>Ein Naturprodukt<\/h4>\r\nBitte beachten Sie, dass alle unsere Artikel aus Naturmaterial bestehen und aufgrund nat\u00fcrlicher Ver\u00e4nderungen des Holzes in Gr\u00f6\u00dfe, Muster und Farbe leicht variieren k\u00f6nnen. Alle unsere Produkte sind absolut sicher und f\u00fcr den Kontakt mit Lebensmitteln geeignet.\n\t\t\t\t\t<\/div>\n\t\t\t\t\t\t<\/div>\n\t\t\t\t<\/div>\n\t\t\t\t\t<\/div>\n\t\t<\/div>\n\t\t\t\t<div class=\"elementor-column elementor-col-33 elementor-top-column elementor-element elementor-element-b8ddeb0\" data-id=\"b8ddeb0\" data-element_type=\"column\" data-e-type=\"column\">\n\t\t\t<div class=\"elementor-widget-wrap elementor-element-populated\">\n\t\t\t\t\t\t<div class=\"elementor-element elementor-element-ea5a97e elementor-widget elementor-widget-wd_text_block\" data-id=\"ea5a97e\" data-element_type=\"widget\" data-e-type=\"widget\" data-widget_type=\"wd_text_block.default\">\n\t\t\t\t<div class=\"elementor-widget-container\">\n\t\t\t\t\t\t\t<div class=\"wd-text-block reset-last-child text-center\">\n\t\t\t\n\t\t\t<h4>Zertifikate<\/h4>\n\t\t\t\t\t<\/div>\n\t\t\t\t\t\t<\/div>\n\t\t\t\t<\/div>\n\t\t\t\t<div class=\"elementor-element elementor-element-acca30d elementor-widget elementor-widget-image\" data-id=\"acca30d\" data-element_type=\"widget\" data-e-type=\"widget\" data-widget_type=\"image.default\">\n\t\t\t\t<div class=\"elementor-widget-container\">\n\t\t\t\t\t\t\t\t\t\t\t\t\t\t\t\t<a href=\"https:\/\/www.goody-woody.com\/certifikati\/gw_certifikat_FSCcertificate_002857_SiDG_Group_of_traders_v3.0.pdf\">\n\t\t\t\t\t\t\t<img decoding=\"async\" width=\"150\" height=\"150\" src=\"https:\/\/goody-woody.com\/wp-content\/uploads\/2022\/07\/Forest_Stewardship_Council_Logo.svg-150x150.png\" class=\"attachment-thumbnail size-thumbnail wp-image-14445\" alt=\"\" \/>\t\t\t\t\t\t\t\t<\/a>\n\t\t\t\t\t\t\t\t\t\t\t\t\t\t\t<\/div>\n\t\t\t\t<\/div>\n\t\t\t\t<div class=\"elementor-element elementor-element-97f9831 elementor-widget elementor-widget-image\" data-id=\"97f9831\" data-element_type=\"widget\" data-e-type=\"widget\" data-widget_type=\"image.default\">\n\t\t\t\t<div class=\"elementor-widget-container\">\n\t\t\t\t\t\t\t\t\t\t\t\t\t\t\t\t<a href=\"https:\/\/www.goody-woody.com\/certifikati\/gw_certifikat_osmo.pdf\">\n\t\t\t\t\t\t\t<img decoding=\"async\" width=\"139\" height=\"75\" src=\"https:\/\/goody-woody.com\/wp-content\/uploads\/2022\/07\/Screenshot-2022-08-27-at-20.24.08.png\" class=\"attachment-medium size-medium wp-image-14495\" alt=\"\" \/>\t\t\t\t\t\t\t\t<\/a>\n\t\t\t\t\t\t\t\t\t\t\t\t\t\t\t<\/div>\n\t\t\t\t<\/div>\n\t\t\t\t\t<\/div>\n\t\t<\/div>\n\t\t\t\t\t<\/div>\n\t\t<\/section>\n\t\t\t\t<\/div>\n\t\t","protected":false},"excerpt":{"rendered":"<p>Die h\u00f6lzerne Saunabox mit einem Volumen von 3,5 Litern ist ein traditionelles und funktionelles Saunazubeh\u00f6r, das dem Raum ein nat\u00fcrliches und \u00e4sthetisches Aussehen verleiht.<\/p>\n","protected":false},"featured_media":17194,"template":"","meta":[],"product_brand":[],"product_cat":[221],"product_tag":[304,329,322,310],"class_list":{"0":"post-16167","1":"product","2":"type-product","3":"status-publish","4":"has-post-thumbnail","6":"product_cat-bad","7":"product_tag-ambiente","8":"product_tag-gerichte-servieren","9":"product_tag-holz","10":"product_tag-home-de","11":"product_shipping_class-bis-zu-5-kg","13":"first","14":"instock","15":"taxable","16":"shipping-taxable","17":"purchasable","18":"product-type-simple"},"_links":{"self":[{"href":"https:\/\/goody-woody.com\/de\/wp-json\/wp\/v2\/product\/16167","targetHints":{"allow":["GET"]}}],"collection":[{"href":"https:\/\/goody-woody.com\/de\/wp-json\/wp\/v2\/product"}],"about":[{"href":"https:\/\/goody-woody.com\/de\/wp-json\/wp\/v2\/types\/product"}],"version-history":[{"count":1,"href":"https:\/\/goody-woody.com\/de\/wp-json\/wp\/v2\/product\/16167\/revisions"}],"predecessor-version":[{"id":16168,"href":"https:\/\/goody-woody.com\/de\/wp-json\/wp\/v2\/product\/16167\/revisions\/16168"}],"wp:featuredmedia":[{"embeddable":true,"href":"https:\/\/goody-woody.com\/de\/wp-json\/wp\/v2\/media\/17194"}],"wp:attachment":[{"href":"https:\/\/goody-woody.com\/de\/wp-json\/wp\/v2\/media?parent=16167"}],"wp:term":[{"taxonomy":"product_brand","embeddable":true,"href":"https:\/\/goody-woody.com\/de\/wp-json\/wp\/v2\/product_brand?post=16167"},{"taxonomy":"product_cat","embeddable":true,"href":"https:\/\/goody-woody.com\/de\/wp-json\/wp\/v2\/product_cat?post=16167"},{"taxonomy":"product_tag","embeddable":true,"href":"https:\/\/goody-woody.com\/de\/wp-json\/wp\/v2\/product_tag?post=16167"}],"curies":[{"name":"wp","href":"https:\/\/api.w.org\/{rel}","templated":true}]}}