{"id":16258,"date":"2024-06-21T12:35:48","date_gmt":"2024-06-21T12:35:48","guid":{"rendered":"https:\/\/goody-woody.com\/product\/essloeffel-26-cm-kirsche\/"},"modified":"2024-12-04T10:34:58","modified_gmt":"2024-12-04T10:34:58","slug":"essloeffel-26-cm-kirsche","status":"publish","type":"product","link":"https:\/\/goody-woody.com\/de\/produkt\/essloeffel-26-cm-kirsche\/","title":{"rendered":"Essl\u00f6ffel, 26 cm, Kirsche"},"content":{"rendered":"\t\t<div data-elementor-type=\"wp-post\" data-elementor-id=\"16258\" class=\"elementor elementor-16258 elementor-15128\" data-elementor-post-type=\"product\">\n\t\t\t\t\t\t<section class=\"elementor-section elementor-top-section elementor-element elementor-element-0f3c11d elementor-section-boxed elementor-section-height-default elementor-section-height-default wd-section-disabled\" data-id=\"0f3c11d\" data-element_type=\"section\" data-e-type=\"section\">\n\t\t\t\t\t\t<div class=\"elementor-container elementor-column-gap-default\">\n\t\t\t\t\t<div class=\"elementor-column elementor-col-33 elementor-top-column elementor-element elementor-element-cf58017\" data-id=\"cf58017\" data-element_type=\"column\" data-e-type=\"column\">\n\t\t\t<div class=\"elementor-widget-wrap\">\n\t\t\t\t\t\t\t<\/div>\n\t\t<\/div>\n\t\t\t\t<div class=\"elementor-column elementor-col-33 elementor-top-column elementor-element elementor-element-60a16fe\" data-id=\"60a16fe\" data-element_type=\"column\" data-e-type=\"column\">\n\t\t\t<div class=\"elementor-widget-wrap\">\n\t\t\t\t\t\t\t<\/div>\n\t\t<\/div>\n\t\t\t\t<div class=\"elementor-column elementor-col-33 elementor-top-column elementor-element elementor-element-9315db4\" data-id=\"9315db4\" data-element_type=\"column\" data-e-type=\"column\">\n\t\t\t<div class=\"elementor-widget-wrap\">\n\t\t\t\t\t\t\t<\/div>\n\t\t<\/div>\n\t\t\t\t\t<\/div>\n\t\t<\/section>\n\t\t\t\t<section class=\"elementor-section elementor-top-section elementor-element elementor-element-cffbece elementor-section-boxed elementor-section-height-default elementor-section-height-default wd-section-disabled\" data-id=\"cffbece\" data-element_type=\"section\" data-e-type=\"section\">\n\t\t\t\t\t\t<div class=\"elementor-container elementor-column-gap-default\">\n\t\t\t\t\t<div class=\"elementor-column elementor-col-33 elementor-top-column elementor-element elementor-element-6b4ae8b\" data-id=\"6b4ae8b\" data-element_type=\"column\" data-e-type=\"column\">\n\t\t\t<div class=\"elementor-widget-wrap elementor-element-populated\">\n\t\t\t\t\t\t<div class=\"elementor-element elementor-element-5d35834 elementor-widget elementor-widget-wd_text_block\" data-id=\"5d35834\" data-element_type=\"widget\" data-e-type=\"widget\" data-widget_type=\"wd_text_block.default\">\n\t\t\t\t<div class=\"elementor-widget-container\">\n\t\t\t\t\t\t\t<div class=\"wd-text-block reset-last-child text-left\">\n\t\t\t\n\t\t\t<h4>Tipps f\u00fcr ein l\u00e4ngeres Leben<\/h4>\r\nUm Oberfl\u00e4chenflecken vorzubeugen und zu entfernen, wischen Sie die Oberfl\u00e4che sofort nach Gebrauch mit lauwarmem Wasser ab. Anschlie\u00dfend mit einem sauberen, trockenen Geschirrtuch abtrocknen. Tauchen Sie Ihr Holzwerkzeug niemals in Wasser. Vermeiden Sie scheuernde Reinigungsmittel. Wenn Sie Flecken entfernen m\u00f6chten, befeuchten Sie das Ger\u00e4t mit warmem Wasser und bestreuen Sie es mit grobem Salz und\/oder Backpulver.\r\n\r\nDie Pflege Ihres Gadgets h\u00e4ngt davon ab, wie Sie es verwenden. Der t\u00e4gliche Gebrauch und trockenes Klima erfordern eine h\u00e4ufigere Pflege. Wir empfehlen Ihnen, Ihr Ger\u00e4t h\u00e4ufig, insbesondere nach dem Waschen, mit einem f\u00fcr den Kontakt mit Lebensmitteln geeigneten Brett\u00f6l zu pflegen.\n\t\t\t\t\t<\/div>\n\t\t\t\t\t\t<\/div>\n\t\t\t\t<\/div>\n\t\t\t\t\t<\/div>\n\t\t<\/div>\n\t\t\t\t<div class=\"elementor-column elementor-col-33 elementor-top-column elementor-element elementor-element-50be839\" data-id=\"50be839\" data-element_type=\"column\" data-e-type=\"column\">\n\t\t\t<div class=\"elementor-widget-wrap elementor-element-populated\">\n\t\t\t\t\t\t<div class=\"elementor-element elementor-element-8c90571 elementor-widget elementor-widget-wd_text_block\" data-id=\"8c90571\" data-element_type=\"widget\" data-e-type=\"widget\" data-widget_type=\"wd_text_block.default\">\n\t\t\t\t<div class=\"elementor-widget-container\">\n\t\t\t\t\t\t\t<div class=\"wd-text-block reset-last-child text-left\">\n\t\t\t\n\t\t\t<h4>Ein Naturprodukt<\/h4>\r\nBitte beachten Sie, dass alle unsere Artikel aus Naturmaterial bestehen und aufgrund nat\u00fcrlicher Ver\u00e4nderungen des Holzes in Gr\u00f6\u00dfe, Muster und Farbe leicht variieren k\u00f6nnen. Alle unsere Produkte sind absolut sicher und f\u00fcr den Kontakt mit Lebensmitteln geeignet.\r\n\r\nSch\u00fcsseln, Bretter und Zubeh\u00f6r aus Holz sind eine tolle Erg\u00e4nzung f\u00fcr die K\u00fcche. Holz ist von Natur aus antibakteriell, daher tr\u00e4gt die regelm\u00e4\u00dfige Reinigung und Desinfektion dieser Gegenst\u00e4nde dazu bei, die Menge an Bakterien zu kontrollieren, die sich auf dem Holz entwickeln k\u00f6nnen. Entgegen der landl\u00e4ufigen Meinung entzieht die por\u00f6se Oberfl\u00e4che von Holz Bakterien tats\u00e4chlich die W\u00e4rme und Feuchtigkeit, die sie zum \u00dcberleben ben\u00f6tigen, und die Bakterien sterben tats\u00e4chlich innerhalb von Sekunden an der Oberfl\u00e4che ab.\n\t\t\t\t\t<\/div>\n\t\t\t\t\t\t<\/div>\n\t\t\t\t<\/div>\n\t\t\t\t\t<\/div>\n\t\t<\/div>\n\t\t\t\t<div class=\"elementor-column elementor-col-33 elementor-top-column elementor-element elementor-element-b8ddeb0\" data-id=\"b8ddeb0\" data-element_type=\"column\" data-e-type=\"column\">\n\t\t\t<div class=\"elementor-widget-wrap elementor-element-populated\">\n\t\t\t\t\t\t<div class=\"elementor-element elementor-element-ea5a97e elementor-widget elementor-widget-wd_text_block\" data-id=\"ea5a97e\" data-element_type=\"widget\" data-e-type=\"widget\" data-widget_type=\"wd_text_block.default\">\n\t\t\t\t<div class=\"elementor-widget-container\">\n\t\t\t\t\t\t\t<div class=\"wd-text-block reset-last-child text-left\">\n\t\t\t\n\t\t\t<h4>Eigenschaften<\/h4>\r\nEin Essl\u00f6ffel aus Kirschholz ist ein traditionelles K\u00fcchenger\u00e4t, das f\u00fcr seine Sch\u00f6nheit, Haltbarkeit und sein angenehmes Gef\u00fchl beim Gebrauch bekannt ist. Hier einige Informationen zu einem solchen L\u00f6ffel:\r\n\r\nMaterial: Kirschholz wird wegen seiner St\u00e4rke, Sch\u00f6nheit und Widerstandsf\u00e4higkeit gegen Flecken und Ger\u00fcche gesch\u00e4tzt.\r\n\r\nL\u00e4nge: 26 cm ist eine geeignete L\u00e4nge f\u00fcr einen Essl\u00f6ffel, die eine bequeme Verwendung beim Essen oder Kochen erm\u00f6glicht.\r\n\r\n\u00d6kologisch: Holzl\u00f6ffel sind im Vergleich zu Plastikl\u00f6ffeln umweltfreundlicher, da sie biologisch abbaubar sind und aus nachwachsenden Rohstoffen hergestellt werden.\r\n\r\n\u00c4sthetik: Kirschholz hat ein wundersch\u00f6nes nat\u00fcrliches Muster und eine satte Farbe, die mit der Zeit noch sch\u00f6ner wird.\n\t\t\t\t\t<\/div>\n\t\t\t\t\t\t<\/div>\n\t\t\t\t<\/div>\n\t\t\t\t\t<\/div>\n\t\t<\/div>\n\t\t\t\t\t<\/div>\n\t\t<\/section>\n\t\t\t\t<section class=\"elementor-section elementor-top-section elementor-element elementor-element-28464f6 elementor-section-boxed elementor-section-height-default elementor-section-height-default wd-section-disabled\" data-id=\"28464f6\" data-element_type=\"section\" data-e-type=\"section\">\n\t\t\t\t\t\t<div class=\"elementor-container elementor-column-gap-default\">\n\t\t\t\t\t<div class=\"elementor-column elementor-col-100 elementor-top-column elementor-element elementor-element-6eeead0\" data-id=\"6eeead0\" data-element_type=\"column\" data-e-type=\"column\">\n\t\t\t<div class=\"elementor-widget-wrap elementor-element-populated\">\n\t\t\t\t\t\t<div class=\"elementor-element elementor-element-a348282 elementor-widget elementor-widget-wd_text_block\" data-id=\"a348282\" data-element_type=\"widget\" data-e-type=\"widget\" data-widget_type=\"wd_text_block.default\">\n\t\t\t\t<div class=\"elementor-widget-container\">\n\t\t\t\t\t\t\t<div class=\"wd-text-block reset-last-child text-left\">\n\t\t\t\n\t\t\t<h4>Vorteile der Verwendung von Holzl\u00f6ffeln:<\/h4>\r\nSie besch\u00e4digen das Kochgeschirr nicht: Holzl\u00f6ffel schonen die unverkratzte Oberfl\u00e4che des Kochgeschirrs, was besonders bei der Verwendung von antihaftbeschichteten Pfannen wichtig ist.\r\nSie leiten keine W\u00e4rme: Holzl\u00f6ffel bleiben auch in einem hei\u00dfen Beh\u00e4lter k\u00fchl und verhindern so Verbrennungen.\r\nHygienisch: Kirschholz hat nat\u00fcrliche antibakterielle Eigenschaften.\r\nPflege und Wartung:\r\nHandw\u00e4sche: Es wird empfohlen, die Holzl\u00f6ffel mit einem milden Reinigungsmittel von Hand zu waschen und sofort trocken zu wischen.\r\n\u00d6len: Eine gelegentliche Schicht Mineral\u00f6l oder eines anderen \u00d6ls in Lebensmittelqualit\u00e4t tr\u00e4gt dazu bei, das Holz zu sch\u00fctzen und ein Austrocknen zu verhindern.\r\nVerwendung:\r\nHolzl\u00f6ffel eignen sich zum Mischen und Servieren von Speisen, zum Kochen von So\u00dfen, Eint\u00f6pfen und anderen Gerichten.\r\nSie sind auch eine sch\u00f6ne Erg\u00e4nzung zum gedeckten Tisch, da sie f\u00fcr einen nat\u00fcrlichen und rustikalen Look sorgen.\n\t\t\t\t\t<\/div>\n\t\t\t\t\t\t<\/div>\n\t\t\t\t<\/div>\n\t\t\t\t\t<\/div>\n\t\t<\/div>\n\t\t\t\t\t<\/div>\n\t\t<\/section>\n\t\t\t\t<\/div>\n\t\t","protected":false},"excerpt":{"rendered":"<p>Ein Essl\u00f6ffel aus Kirschholz ist ein traditionelles K\u00fcchenger\u00e4t, das f\u00fcr seine Sch\u00f6nheit, Haltbarkeit und sein angenehmes Gef\u00fchl beim Gebrauch bekannt ist.<\/p>\n","protected":false},"featured_media":15131,"template":"","meta":[],"product_brand":[],"product_cat":[231],"product_tag":[296,341],"class_list":{"0":"post-16258","1":"product","2":"type-product","3":"status-publish","4":"has-post-thumbnail","6":"product_cat-accessoires","7":"product_tag-accessoires","8":"product_tag-loffel","9":"product_shipping_class-bis-500-g","11":"first","12":"instock","13":"taxable","14":"shipping-taxable","15":"purchasable","16":"product-type-simple"},"_links":{"self":[{"href":"https:\/\/goody-woody.com\/de\/wp-json\/wp\/v2\/product\/16258","targetHints":{"allow":["GET"]}}],"collection":[{"href":"https:\/\/goody-woody.com\/de\/wp-json\/wp\/v2\/product"}],"about":[{"href":"https:\/\/goody-woody.com\/de\/wp-json\/wp\/v2\/types\/product"}],"version-history":[{"count":1,"href":"https:\/\/goody-woody.com\/de\/wp-json\/wp\/v2\/product\/16258\/revisions"}],"predecessor-version":[{"id":16259,"href":"https:\/\/goody-woody.com\/de\/wp-json\/wp\/v2\/product\/16258\/revisions\/16259"}],"wp:featuredmedia":[{"embeddable":true,"href":"https:\/\/goody-woody.com\/de\/wp-json\/wp\/v2\/media\/15131"}],"wp:attachment":[{"href":"https:\/\/goody-woody.com\/de\/wp-json\/wp\/v2\/media?parent=16258"}],"wp:term":[{"taxonomy":"product_brand","embeddable":true,"href":"https:\/\/goody-woody.com\/de\/wp-json\/wp\/v2\/product_brand?post=16258"},{"taxonomy":"product_cat","embeddable":true,"href":"https:\/\/goody-woody.com\/de\/wp-json\/wp\/v2\/product_cat?post=16258"},{"taxonomy":"product_tag","embeddable":true,"href":"https:\/\/goody-woody.com\/de\/wp-json\/wp\/v2\/product_tag?post=16258"}],"curies":[{"name":"wp","href":"https:\/\/api.w.org\/{rel}","templated":true}]}}