{"id":16262,"date":"2024-06-21T13:00:22","date_gmt":"2024-06-21T13:00:22","guid":{"rendered":"https:\/\/goody-woody.com\/product\/honigloeffel-10-cm-ahorn\/"},"modified":"2024-12-04T10:41:42","modified_gmt":"2024-12-04T10:41:42","slug":"honigloeffel-10-cm-ahorn","status":"publish","type":"product","link":"https:\/\/goody-woody.com\/de\/produkt\/honigloeffel-10-cm-ahorn\/","title":{"rendered":"Honigl\u00f6ffel, 10 cm, Ahorn"},"content":{"rendered":"\t\t<div data-elementor-type=\"wp-post\" data-elementor-id=\"16262\" class=\"elementor elementor-16262 elementor-15147\" data-elementor-post-type=\"product\">\n\t\t\t\t\t\t<section class=\"elementor-section elementor-top-section elementor-element elementor-element-0f3c11d elementor-section-boxed elementor-section-height-default elementor-section-height-default wd-section-disabled\" data-id=\"0f3c11d\" data-element_type=\"section\" data-e-type=\"section\">\n\t\t\t\t\t\t<div class=\"elementor-container elementor-column-gap-default\">\n\t\t\t\t\t<div class=\"elementor-column elementor-col-33 elementor-top-column elementor-element elementor-element-cf58017\" data-id=\"cf58017\" data-element_type=\"column\" data-e-type=\"column\">\n\t\t\t<div class=\"elementor-widget-wrap\">\n\t\t\t\t\t\t\t<\/div>\n\t\t<\/div>\n\t\t\t\t<div class=\"elementor-column elementor-col-33 elementor-top-column elementor-element elementor-element-60a16fe\" data-id=\"60a16fe\" data-element_type=\"column\" data-e-type=\"column\">\n\t\t\t<div class=\"elementor-widget-wrap\">\n\t\t\t\t\t\t\t<\/div>\n\t\t<\/div>\n\t\t\t\t<div class=\"elementor-column elementor-col-33 elementor-top-column elementor-element elementor-element-9315db4\" data-id=\"9315db4\" data-element_type=\"column\" data-e-type=\"column\">\n\t\t\t<div class=\"elementor-widget-wrap\">\n\t\t\t\t\t\t\t<\/div>\n\t\t<\/div>\n\t\t\t\t\t<\/div>\n\t\t<\/section>\n\t\t\t\t<section class=\"elementor-section elementor-top-section elementor-element elementor-element-cffbece elementor-section-boxed elementor-section-height-default elementor-section-height-default wd-section-disabled\" data-id=\"cffbece\" data-element_type=\"section\" data-e-type=\"section\">\n\t\t\t\t\t\t<div class=\"elementor-container elementor-column-gap-default\">\n\t\t\t\t\t<div class=\"elementor-column elementor-col-33 elementor-top-column elementor-element elementor-element-6b4ae8b\" data-id=\"6b4ae8b\" data-element_type=\"column\" data-e-type=\"column\">\n\t\t\t<div class=\"elementor-widget-wrap elementor-element-populated\">\n\t\t\t\t\t\t<div class=\"elementor-element elementor-element-5d35834 elementor-widget elementor-widget-wd_text_block\" data-id=\"5d35834\" data-element_type=\"widget\" data-e-type=\"widget\" data-widget_type=\"wd_text_block.default\">\n\t\t\t\t<div class=\"elementor-widget-container\">\n\t\t\t\t\t\t\t<div class=\"wd-text-block reset-last-child text-left\">\n\t\t\t\n\t\t\t<h4>Tipps f\u00fcr ein l\u00e4ngeres Leben<\/h4>\r\nUm Oberfl\u00e4chenflecken vorzubeugen und zu entfernen, wischen Sie die Oberfl\u00e4che sofort nach Gebrauch mit lauwarmem Wasser ab. Anschlie\u00dfend mit einem sauberen, trockenen Geschirrtuch abtrocknen. Tauchen Sie Ihr Holzwerkzeug niemals in Wasser. Vermeiden Sie scheuernde Reinigungsmittel. Wenn Sie Flecken entfernen m\u00f6chten, befeuchten Sie das Ger\u00e4t mit warmem Wasser und bestreuen Sie es mit grobem Salz und\/oder Backpulver.\r\n\r\nDie Pflege Ihres Gadgets h\u00e4ngt davon ab, wie Sie es verwenden. Der t\u00e4gliche Gebrauch und trockenes Klima erfordern eine h\u00e4ufigere Pflege. Wir empfehlen Ihnen, Ihr Ger\u00e4t h\u00e4ufig, insbesondere nach dem Waschen, mit einem f\u00fcr den Kontakt mit Lebensmitteln geeigneten Brett\u00f6l zu pflegen.\n\t\t\t\t\t<\/div>\n\t\t\t\t\t\t<\/div>\n\t\t\t\t<\/div>\n\t\t\t\t\t<\/div>\n\t\t<\/div>\n\t\t\t\t<div class=\"elementor-column elementor-col-33 elementor-top-column elementor-element elementor-element-50be839\" data-id=\"50be839\" data-element_type=\"column\" data-e-type=\"column\">\n\t\t\t<div class=\"elementor-widget-wrap elementor-element-populated\">\n\t\t\t\t\t\t<div class=\"elementor-element elementor-element-8c90571 elementor-widget elementor-widget-wd_text_block\" data-id=\"8c90571\" data-element_type=\"widget\" data-e-type=\"widget\" data-widget_type=\"wd_text_block.default\">\n\t\t\t\t<div class=\"elementor-widget-container\">\n\t\t\t\t\t\t\t<div class=\"wd-text-block reset-last-child text-left\">\n\t\t\t\n\t\t\t<h4>Ein Naturprodukt<\/h4>\r\nBitte beachten Sie, dass alle unsere Artikel aus Naturmaterial bestehen und aufgrund nat\u00fcrlicher Ver\u00e4nderungen des Holzes in Gr\u00f6\u00dfe, Muster und Farbe leicht variieren k\u00f6nnen. Alle unsere Produkte sind absolut sicher und f\u00fcr den Kontakt mit Lebensmitteln geeignet.\r\n\r\nSch\u00fcsseln, Bretter und Zubeh\u00f6r aus Holz sind eine tolle Erg\u00e4nzung f\u00fcr die K\u00fcche. Holz ist von Natur aus antibakteriell, daher tr\u00e4gt die regelm\u00e4\u00dfige Reinigung und Desinfektion dieser Gegenst\u00e4nde dazu bei, die Menge an Bakterien zu kontrollieren, die sich auf dem Holz entwickeln k\u00f6nnen. Entgegen der landl\u00e4ufigen Meinung entzieht die por\u00f6se Oberfl\u00e4che von Holz Bakterien tats\u00e4chlich die W\u00e4rme und Feuchtigkeit, die sie zum \u00dcberleben ben\u00f6tigen, und die Bakterien sterben tats\u00e4chlich innerhalb von Sekunden an der Oberfl\u00e4che ab.\n\t\t\t\t\t<\/div>\n\t\t\t\t\t\t<\/div>\n\t\t\t\t<\/div>\n\t\t\t\t\t<\/div>\n\t\t<\/div>\n\t\t\t\t<div class=\"elementor-column elementor-col-33 elementor-top-column elementor-element elementor-element-b8ddeb0\" data-id=\"b8ddeb0\" data-element_type=\"column\" data-e-type=\"column\">\n\t\t\t<div class=\"elementor-widget-wrap elementor-element-populated\">\n\t\t\t\t\t\t<div class=\"elementor-element elementor-element-ea5a97e elementor-widget elementor-widget-wd_text_block\" data-id=\"ea5a97e\" data-element_type=\"widget\" data-e-type=\"widget\" data-widget_type=\"wd_text_block.default\">\n\t\t\t\t<div class=\"elementor-widget-container\">\n\t\t\t\t\t\t\t<div class=\"wd-text-block reset-last-child text-left\">\n\t\t\t\n\t\t\t<h4>Eigenschaften<\/h4>\r\nMaterial: Ahornholz ist bekannt f\u00fcr seine St\u00e4rke, Haltbarkeit und sanfte helle Farbe. Es ist au\u00dferdem geschmacks- und geruchsneutral, was sich ideal f\u00fcr die Verwendung mit Honig eignet.\r\n\r\nL\u00e4nge: 10 cm L\u00e4nge ist praktisch f\u00fcr kleinere Honiggl\u00e4ser und erm\u00f6glicht ein einfaches Sch\u00f6pfen und Servieren.\r\n\r\nDesign: Ein typischer Honigl\u00f6ffel hat spezielle Rillen, die ein einfaches Aufnehmen und Tropfen des Honigs erm\u00f6glichen, ohne dass etwas versch\u00fcttet wird.\n\t\t\t\t\t<\/div>\n\t\t\t\t\t\t<\/div>\n\t\t\t\t<\/div>\n\t\t\t\t\t<\/div>\n\t\t<\/div>\n\t\t\t\t\t<\/div>\n\t\t<\/section>\n\t\t\t\t<section class=\"elementor-section elementor-top-section elementor-element elementor-element-28464f6 elementor-section-boxed elementor-section-height-default elementor-section-height-default wd-section-disabled\" data-id=\"28464f6\" data-element_type=\"section\" data-e-type=\"section\">\n\t\t\t\t\t\t<div class=\"elementor-container elementor-column-gap-default\">\n\t\t\t\t\t<div class=\"elementor-column elementor-col-100 elementor-top-column elementor-element elementor-element-6eeead0\" data-id=\"6eeead0\" data-element_type=\"column\" data-e-type=\"column\">\n\t\t\t<div class=\"elementor-widget-wrap elementor-element-populated\">\n\t\t\t\t\t\t<div class=\"elementor-element elementor-element-a348282 elementor-widget elementor-widget-wd_text_block\" data-id=\"a348282\" data-element_type=\"widget\" data-e-type=\"widget\" data-widget_type=\"wd_text_block.default\">\n\t\t\t\t<div class=\"elementor-widget-container\">\n\t\t\t\t\t\t\t<div class=\"wd-text-block reset-last-child text-left\">\n\t\t\t\n\t\t\t<h4>Vorteile der Verwendung von Holzl\u00f6ffeln f\u00fcr Honig:<\/h4>\r\nSie besch\u00e4digen das Geschirr nicht: Sie schonen die Oberfl\u00e4chen von Gl\u00e4sern und Beh\u00e4ltern.\r\nNat\u00fcrliches Material: Holz ist ein nat\u00fcrliches Material, das den Geschmack von Honig nicht beeinflusst.\r\n\u00c4sthetik: Ahornholz hat ein wundersch\u00f6nes, nat\u00fcrlich helles Aussehen, das die nat\u00fcrliche Sch\u00f6nheit von Honig erg\u00e4nzt.\r\nPflege und Wartung:\r\nHandw\u00e4sche: Es wird empfohlen, die Honigl\u00f6ffel aus Holz mit einem milden Reinigungsmittel von Hand zu waschen und sofort zu trocknen.\r\n\u00d6len: Eine gelegentliche Schicht Speise\u00f6l sch\u00fctzt das Holz und verhindert das Austrocknen.\r\nVerwendung:\r\nHonig sch\u00f6pfen: Rillen am L\u00f6ffel erm\u00f6glichen ein einfaches Sch\u00f6pfen und kontrolliertes Tropfen des Honigs auf Brot, Tee oder andere Gerichte.\r\nServieren: Geeignet f\u00fcr eine elegante Art, Honig auf dem Tisch zu servieren.\r\n\u00d6kologischer Aspekt:\r\nBiologische Abbaubarkeit: Holzl\u00f6ffel sind umweltfreundlich, da sie biologisch abbaubar sind und aus nachwachsenden Rohstoffen hergestellt werden.\r\nHaltbarkeit: Langfristige Nutzung und geringerer Austauschbedarf aufgrund der Haltbarkeit des Holzes.\n\t\t\t\t\t<\/div>\n\t\t\t\t\t\t<\/div>\n\t\t\t\t<\/div>\n\t\t\t\t\t<\/div>\n\t\t<\/div>\n\t\t\t\t\t<\/div>\n\t\t<\/section>\n\t\t\t\t<\/div>\n\t\t","protected":false},"excerpt":{"rendered":"<p>Der Honigl\u00f6ffel aus Ahornholz ist ein klassisches K\u00fcchenger\u00e4t, das speziell zum Sch\u00f6pfen und Servieren von Honig entwickelt wurde.<\/p>\n","protected":false},"featured_media":15150,"template":"","meta":[],"product_brand":[],"product_cat":[231],"product_tag":[296,341],"class_list":{"0":"post-16262","1":"product","2":"type-product","3":"status-publish","4":"has-post-thumbnail","6":"product_cat-accessoires","7":"product_tag-accessoires","8":"product_tag-loffel","9":"product_shipping_class-bis-500-g","11":"first","12":"instock","13":"taxable","14":"shipping-taxable","15":"purchasable","16":"product-type-simple"},"_links":{"self":[{"href":"https:\/\/goody-woody.com\/de\/wp-json\/wp\/v2\/product\/16262","targetHints":{"allow":["GET"]}}],"collection":[{"href":"https:\/\/goody-woody.com\/de\/wp-json\/wp\/v2\/product"}],"about":[{"href":"https:\/\/goody-woody.com\/de\/wp-json\/wp\/v2\/types\/product"}],"version-history":[{"count":1,"href":"https:\/\/goody-woody.com\/de\/wp-json\/wp\/v2\/product\/16262\/revisions"}],"predecessor-version":[{"id":16263,"href":"https:\/\/goody-woody.com\/de\/wp-json\/wp\/v2\/product\/16262\/revisions\/16263"}],"wp:featuredmedia":[{"embeddable":true,"href":"https:\/\/goody-woody.com\/de\/wp-json\/wp\/v2\/media\/15150"}],"wp:attachment":[{"href":"https:\/\/goody-woody.com\/de\/wp-json\/wp\/v2\/media?parent=16262"}],"wp:term":[{"taxonomy":"product_brand","embeddable":true,"href":"https:\/\/goody-woody.com\/de\/wp-json\/wp\/v2\/product_brand?post=16262"},{"taxonomy":"product_cat","embeddable":true,"href":"https:\/\/goody-woody.com\/de\/wp-json\/wp\/v2\/product_cat?post=16262"},{"taxonomy":"product_tag","embeddable":true,"href":"https:\/\/goody-woody.com\/de\/wp-json\/wp\/v2\/product_tag?post=16262"}],"curies":[{"name":"wp","href":"https:\/\/api.w.org\/{rel}","templated":true}]}}