{"id":16515,"date":"2025-01-27T16:58:38","date_gmt":"2025-01-27T16:58:38","guid":{"rendered":"https:\/\/goody-woody.com\/?post_type=product&#038;p=16515"},"modified":"2025-01-27T17:00:48","modified_gmt":"2025-01-27T17:00:48","slug":"roller-kinder-kopija-kopija","status":"publish","type":"product","link":"https:\/\/goody-woody.com\/de\/produkt\/roller-kinder-kopija-kopija\/","title":{"rendered":"Roller, Kinder (Kopija) (Kopija)"},"content":{"rendered":"\t\t<div data-elementor-type=\"wp-post\" data-elementor-id=\"16515\" class=\"elementor elementor-16515 elementor-16514\" data-elementor-post-type=\"product\">\n\t\t\t\t\t\t<section class=\"elementor-section elementor-top-section elementor-element elementor-element-0f3c11d elementor-section-boxed elementor-section-height-default elementor-section-height-default wd-section-disabled\" data-id=\"0f3c11d\" data-element_type=\"section\" data-e-type=\"section\">\n\t\t\t\t\t\t<div class=\"elementor-container elementor-column-gap-default\">\n\t\t\t\t\t<div class=\"elementor-column elementor-col-33 elementor-top-column elementor-element elementor-element-cf58017\" data-id=\"cf58017\" data-element_type=\"column\" data-e-type=\"column\">\n\t\t\t<div class=\"elementor-widget-wrap\">\n\t\t\t\t\t\t\t<\/div>\n\t\t<\/div>\n\t\t\t\t<div class=\"elementor-column elementor-col-33 elementor-top-column elementor-element elementor-element-60a16fe\" data-id=\"60a16fe\" data-element_type=\"column\" data-e-type=\"column\">\n\t\t\t<div class=\"elementor-widget-wrap\">\n\t\t\t\t\t\t\t<\/div>\n\t\t<\/div>\n\t\t\t\t<div class=\"elementor-column elementor-col-33 elementor-top-column elementor-element elementor-element-9315db4\" data-id=\"9315db4\" data-element_type=\"column\" data-e-type=\"column\">\n\t\t\t<div class=\"elementor-widget-wrap\">\n\t\t\t\t\t\t\t<\/div>\n\t\t<\/div>\n\t\t\t\t\t<\/div>\n\t\t<\/section>\n\t\t\t\t<section class=\"elementor-section elementor-top-section elementor-element elementor-element-cffbece elementor-section-boxed elementor-section-height-default elementor-section-height-default wd-section-disabled\" data-id=\"cffbece\" data-element_type=\"section\" data-e-type=\"section\">\n\t\t\t\t\t\t<div class=\"elementor-container elementor-column-gap-default\">\n\t\t\t\t\t<div class=\"elementor-column elementor-col-33 elementor-top-column elementor-element elementor-element-6b4ae8b\" data-id=\"6b4ae8b\" data-element_type=\"column\" data-e-type=\"column\">\n\t\t\t<div class=\"elementor-widget-wrap elementor-element-populated\">\n\t\t\t\t\t\t<div class=\"elementor-element elementor-element-5d35834 elementor-widget elementor-widget-wd_text_block\" data-id=\"5d35834\" data-element_type=\"widget\" data-e-type=\"widget\" data-widget_type=\"wd_text_block.default\">\n\t\t\t\t<div class=\"elementor-widget-container\">\n\t\t\t\t\t\t\t<div class=\"wd-text-block reset-last-child text-left\">\n\t\t\t\n\t\t\t<h4>Beschreibung<\/h4>\r\nDas Nudelholz f\u00fcr Kinder ist ein angenehmes und praktisches Werkzeug, das kleine sich entwickelnde K\u00f6che inspirieren kann. Ein Nudelholz f\u00fcr Kinder wurde speziell f\u00fcr Kinder entwickelt und besteht normalerweise aus sicheren und langlebigen Materialien, die f\u00fcr den Einsatz in der K\u00fcche geeignet sind.\r\n\r\nDiese Rollen sind oft kleiner und leichter, wodurch sie besser f\u00fcr Kinderh\u00e4nde und Kraft geeignet sind. Bunte und attraktive Designs und freundliche Materialien machen das Kinder-Nudelholz f\u00fcr Kinder attraktiv und wecken ihr Interesse am Kochen und Gestalten.\r\n\r\nNudelh\u00f6lzer f\u00fcr Kinder sind eine tolle M\u00f6glichkeit, Kinder in K\u00fcchenaktivit\u00e4ten einzubeziehen, wie zum Beispiel das Ausrollen von Pl\u00e4tzchenteig oder das Zubereiten hausgemachter Pizzen. Dar\u00fcber hinaus f\u00f6rdert solches Zubeh\u00f6r die Entwicklung der Feinmotorik und Koordination bei den j\u00fcngsten K\u00f6chen.\r\n\r\nAchten Sie bei der Suche nach einem Babyroller auf Sicherheitsaspekte und kindgerechte Materialien. Dadurch wird sichergestellt, dass die Erfahrung Ihres Kindes in der K\u00fcche Spa\u00df macht, sicher und lehrreich ist.\n\t\t\t\t\t<\/div>\n\t\t\t\t\t\t<\/div>\n\t\t\t\t<\/div>\n\t\t\t\t\t<\/div>\n\t\t<\/div>\n\t\t\t\t<div class=\"elementor-column elementor-col-33 elementor-top-column elementor-element elementor-element-50be839\" data-id=\"50be839\" data-element_type=\"column\" data-e-type=\"column\">\n\t\t\t<div class=\"elementor-widget-wrap elementor-element-populated\">\n\t\t\t\t\t\t<div class=\"elementor-element elementor-element-8c90571 elementor-widget elementor-widget-wd_text_block\" data-id=\"8c90571\" data-element_type=\"widget\" data-e-type=\"widget\" data-widget_type=\"wd_text_block.default\">\n\t\t\t\t<div class=\"elementor-widget-container\">\n\t\t\t\t\t\t\t<div class=\"wd-text-block reset-last-child text-left\">\n\t\t\t\n\t\t\t<h4>Beschreibung<\/h4>\r\nDas Nudelholz f\u00fcr Kinder ist ein angenehmes und praktisches Werkzeug, das kleine sich entwickelnde K\u00f6che inspirieren kann. Ein Nudelholz f\u00fcr Kinder wurde speziell f\u00fcr Kinder entwickelt und besteht normalerweise aus sicheren und langlebigen Materialien, die f\u00fcr den Einsatz in der K\u00fcche geeignet sind.\r\n\r\nDiese Rollen sind oft kleiner und leichter, wodurch sie besser f\u00fcr Kinderh\u00e4nde und Kraft geeignet sind. Bunte und attraktive Designs und freundliche Materialien machen das Kinder-Nudelholz f\u00fcr Kinder attraktiv und wecken ihr Interesse am Kochen und Gestalten.\r\n\r\nNudelh\u00f6lzer f\u00fcr Kinder sind eine tolle M\u00f6glichkeit, Kinder in K\u00fcchenaktivit\u00e4ten einzubeziehen, wie zum Beispiel das Ausrollen von Pl\u00e4tzchenteig oder das Zubereiten hausgemachter Pizzen. Dar\u00fcber hinaus f\u00f6rdert solches Zubeh\u00f6r die Entwicklung der Feinmotorik und Koordination bei den j\u00fcngsten K\u00f6chen.\r\n\r\nAchten Sie bei der Suche nach einem Babyroller auf Sicherheitsaspekte und kindgerechte Materialien. Dadurch wird sichergestellt, dass die Erfahrung Ihres Kindes in der K\u00fcche Spa\u00df macht, sicher und lehrreich ist.\n\t\t\t\t\t<\/div>\n\t\t\t\t\t\t<\/div>\n\t\t\t\t<\/div>\n\t\t\t\t\t<\/div>\n\t\t<\/div>\n\t\t\t\t<div class=\"elementor-column elementor-col-33 elementor-top-column elementor-element elementor-element-b8ddeb0\" data-id=\"b8ddeb0\" data-element_type=\"column\" data-e-type=\"column\">\n\t\t\t<div class=\"elementor-widget-wrap elementor-element-populated\">\n\t\t\t\t\t\t<div class=\"elementor-element elementor-element-ea5a97e elementor-widget elementor-widget-wd_text_block\" data-id=\"ea5a97e\" data-element_type=\"widget\" data-e-type=\"widget\" data-widget_type=\"wd_text_block.default\">\n\t\t\t\t<div class=\"elementor-widget-container\">\n\t\t\t\t\t\t\t<div class=\"wd-text-block reset-last-child text-center\">\n\t\t\t\n\t\t\t<h4>Zertifikate<\/h4>\n\t\t\t\t\t<\/div>\n\t\t\t\t\t\t<\/div>\n\t\t\t\t<\/div>\n\t\t\t\t<div class=\"elementor-element elementor-element-acca30d elementor-widget elementor-widget-image\" data-id=\"acca30d\" data-element_type=\"widget\" data-e-type=\"widget\" data-widget_type=\"image.default\">\n\t\t\t\t<div class=\"elementor-widget-container\">\n\t\t\t\t\t\t\t\t\t\t\t\t\t\t\t\t<a href=\"https:\/\/www.goody-woody.com\/certifikati\/gw_certifikat_FSCcertificate_002857_SiDG_Group_of_traders_v3.0.pdf\">\n\t\t\t\t\t\t\t<img decoding=\"async\" width=\"150\" height=\"150\" src=\"https:\/\/goody-woody.com\/wp-content\/themes\/woodmart\/images\/lazy.png\" class=\"attachment-thumbnail size-thumbnail wp-image-14445 wd-lazy-load wd-lazy-fade\" alt=\"\" data-wood-src=\"https:\/\/goody-woody.com\/wp-content\/uploads\/2022\/07\/Forest_Stewardship_Council_Logo.svg-150x150.png\" srcset=\"\" \/>\t\t\t\t\t\t\t\t<\/a>\n\t\t\t\t\t\t\t\t\t\t\t\t\t\t\t<\/div>\n\t\t\t\t<\/div>\n\t\t\t\t<div class=\"elementor-element elementor-element-97f9831 elementor-widget elementor-widget-image\" data-id=\"97f9831\" data-element_type=\"widget\" data-e-type=\"widget\" data-widget_type=\"image.default\">\n\t\t\t\t<div class=\"elementor-widget-container\">\n\t\t\t\t\t\t\t\t\t\t\t\t\t\t\t\t<a href=\"https:\/\/www.goody-woody.com\/certifikati\/gw_certifikat_osmo.pdf\">\n\t\t\t\t\t\t\t<img decoding=\"async\" width=\"139\" height=\"75\" src=\"https:\/\/goody-woody.com\/wp-content\/themes\/woodmart\/images\/lazy.png\" class=\"attachment-medium size-medium wp-image-14495 wd-lazy-load wd-lazy-fade\" alt=\"\" data-wood-src=\"https:\/\/goody-woody.com\/wp-content\/uploads\/2022\/07\/Screenshot-2022-08-27-at-20.24.08.png\" srcset=\"\" \/>\t\t\t\t\t\t\t\t<\/a>\n\t\t\t\t\t\t\t\t\t\t\t\t\t\t\t<\/div>\n\t\t\t\t<\/div>\n\t\t\t\t\t<\/div>\n\t\t<\/div>\n\t\t\t\t\t<\/div>\n\t\t<\/section>\n\t\t\t\t<\/div>\n\t\t","protected":false},"excerpt":{"rendered":"<p>Beschreibung Das Nudelholz f\u00fcr Kinder ist ein angenehmes und praktisches Werkzeug, das kleine sich entwickelnde K\u00f6che inspirieren kann. Ein Nudelholz<\/p>\n","protected":false},"featured_media":16519,"template":"","meta":[],"product_brand":[],"product_cat":[231,227],"product_tag":[322],"class_list":{"0":"post-16515","1":"product","2":"type-product","3":"status-publish","4":"has-post-thumbnail","6":"product_cat-accessoires","7":"product_cat-outlet-de","8":"product_tag-holz","9":"product_shipping_class-bis-500-g","11":"first","12":"instock","13":"featured","14":"taxable","15":"shipping-taxable","16":"purchasable","17":"product-type-simple"},"_links":{"self":[{"href":"https:\/\/goody-woody.com\/de\/wp-json\/wp\/v2\/product\/16515","targetHints":{"allow":["GET"]}}],"collection":[{"href":"https:\/\/goody-woody.com\/de\/wp-json\/wp\/v2\/product"}],"about":[{"href":"https:\/\/goody-woody.com\/de\/wp-json\/wp\/v2\/types\/product"}],"version-history":[{"count":1,"href":"https:\/\/goody-woody.com\/de\/wp-json\/wp\/v2\/product\/16515\/revisions"}],"predecessor-version":[{"id":16520,"href":"https:\/\/goody-woody.com\/de\/wp-json\/wp\/v2\/product\/16515\/revisions\/16520"}],"wp:featuredmedia":[{"embeddable":true,"href":"https:\/\/goody-woody.com\/de\/wp-json\/wp\/v2\/media\/16519"}],"wp:attachment":[{"href":"https:\/\/goody-woody.com\/de\/wp-json\/wp\/v2\/media?parent=16515"}],"wp:term":[{"taxonomy":"product_brand","embeddable":true,"href":"https:\/\/goody-woody.com\/de\/wp-json\/wp\/v2\/product_brand?post=16515"},{"taxonomy":"product_cat","embeddable":true,"href":"https:\/\/goody-woody.com\/de\/wp-json\/wp\/v2\/product_cat?post=16515"},{"taxonomy":"product_tag","embeddable":true,"href":"https:\/\/goody-woody.com\/de\/wp-json\/wp\/v2\/product_tag?post=16515"}],"curies":[{"name":"wp","href":"https:\/\/api.w.org\/{rel}","templated":true}]}}